{"id":4218,"date":"2022-12-29T10:52:13","date_gmt":"2022-12-29T15:52:13","guid":{"rendered":"https:\/\/lewiscreative.ca\/product\/teaching-fonts-bundle\/"},"modified":"2026-04-11T19:25:54","modified_gmt":"2026-04-11T23:25:54","slug":"teaching-fonts-bundle","status":"publish","type":"product","link":"https:\/\/lewiscreative.ca\/pt-br\/produto\/teaching-fonts-bundle\/","title":{"rendered":"Pacote de fontes de ensino &#8211; Fontes de rastreamento para caligrafia cursiva e impressa"},"content":{"rendered":"<p>Ensinar fontes e <a href=\"https:\/\/lewiscreative.ca\/product\/teaching-print-dotted-letter-tracing-font\/\" target=\"_blank\" rel=\"noopener\">fontes de rastreamento<\/a> podem ser ferramentas \u00fateis para criar seus pr\u00f3prios produtos, atividades e planilhas como professor &#8211; <strong>OU<\/strong> &#8211; apenas para usar com seus filhos em casa ou criar <a href=\"https:\/\/lewiscreative.ca\/trace\" target=\"_blank\" rel=\"nofollow noopener\">planilhas para os pais<\/a>. Se voc\u00ea est\u00e1 procurando um pacote de fontes com fontes de rastreamento impressas e cursivas inclu\u00eddas, <strong>VOC\u00ca ENCONTROU<\/strong>! \ud83d\ude00 Uau! Este pacote inclui minhas duas fontes de rastreamento mais vendidas com desconto e, por ser um pacote de fontes em crescimento, voc\u00ea ter\u00e1 acesso a todas as novas fontes de ensino quando elas forem criadas! Agora voc\u00ea pode criar planilhas de pr\u00e1tica de rastreamento de alta qualidade por conta pr\u00f3pria \u2013 desde crach\u00e1s de volta \u00e0s aulas at\u00e9 atividades de final de ano! Basta baixar, instalar e come\u00e7ar a digitar! A fonte Teaching Print possui <strong>12 estilos para escolher<\/strong>, o que facilita a cria\u00e7\u00e3o de produtos da maneira que <em><strong>voc\u00ea<\/strong><\/em> deseja. A fonte cursiva est\u00e1 crescendo e ficando melhor a cada nova atualiza\u00e7\u00e3o e agora inclui tamb\u00e9m as instru\u00e7\u00f5es com setas! Eu realmente espero que essas fontes de rastreamento sejam \u00fateis para voc\u00ea e mal posso esperar para adicionar mais estilos para voc\u00ea!<\/p>\n<span class=\"et_bloom_bottom_trigger\"><\/span>","protected":false},"excerpt":{"rendered":"<p>Todas as minhas fontes de ensino est\u00e3o agrupadas aqui, e voc\u00ea tamb\u00e9m ter\u00e1 acesso a quaisquer novos estilos ou fontes criados! Inclu\u00eddo neste pacote de fontes atualmente: &nbsp;<\/p>\n","protected":false},"featured_media":4178,"comment_status":"open","ping_status":"closed","template":"","meta":{"_et_pb_use_builder":"","_et_pb_old_content":"","_et_gb_content_width":""},"product_brand":[],"product_cat":[86,88,87],"product_tag":[],"class_list":{"0":"post-4218","1":"product","2":"type-product","3":"status-publish","4":"has-post-thumbnail","6":"product_cat-fontes","7":"product_cat-teaching-cursive-pt-br","8":"product_cat-teaching-print-pt-br","10":"first","11":"instock","12":"sale","13":"sold-individually","14":"purchasable","15":"product-type-woosb"},"yoast_head":"<!-- This site is optimized with the Yoast SEO plugin v27.3 - https:\/\/yoast.com\/product\/yoast-seo-wordpress\/ -->\n<title>Pacote de fontes de ensino - Fontes de rastreamento para escrita cursiva e impressa<\/title>\n<meta name=\"description\" content=\"Um pacote de fontes did\u00e1ticas para crian\u00e7as que est\u00e3o aprendendo a escrever o alfabeto usando letra cursiva ou impressa - \u00f3timo para alunos destros ou canhotos.\" \/>\n<meta name=\"robots\" content=\"index, follow, max-snippet:-1, max-image-preview:large, max-video-preview:-1\" \/>\n<link rel=\"canonical\" href=\"https:\/\/lewiscreative.ca\/pt-br\/produto\/teaching-fonts-bundle\/\" \/>\n<meta property=\"og:locale\" content=\"pt_BR\" \/>\n<meta property=\"og:type\" content=\"article\" \/>\n<meta property=\"og:title\" content=\"Pacote de fontes de ensino - Fontes de rastreamento para escrita cursiva e impressa\" \/>\n<meta property=\"og:description\" content=\"Um pacote de fontes did\u00e1ticas para crian\u00e7as que est\u00e3o aprendendo a escrever o alfabeto usando letra cursiva ou impressa - \u00f3timo para alunos destros ou canhotos.\" \/>\n<meta property=\"og:url\" content=\"https:\/\/lewiscreative.ca\/pt-br\/produto\/teaching-fonts-bundle\/\" \/>\n<meta property=\"og:site_name\" content=\"Lewis Creative\" \/>\n<meta property=\"article:publisher\" content=\"https:\/\/facebook.com\/lewiscreative.ca\" \/>\n<meta property=\"article:modified_time\" content=\"2026-04-11T23:25:54+00:00\" \/>\n<meta property=\"og:image\" content=\"https:\/\/lewiscreative.ca\/wp-content\/uploads\/2022\/12\/Teaching-Font-Bundle-Tracing-Fonts-for-Print-and-Cursive-Handwriting.jpg\" \/>\n\t<meta property=\"og:image:width\" content=\"1000\" \/>\n\t<meta property=\"og:image:height\" content=\"1000\" \/>\n\t<meta property=\"og:image:type\" content=\"image\/jpeg\" \/>\n<meta name=\"twitter:card\" content=\"summary_large_image\" \/>\n<meta name=\"twitter:label1\" content=\"Est. tempo de leitura\" \/>\n\t<meta name=\"twitter:data1\" content=\"1 minuto\" \/>\n<script type=\"application\/ld+json\" class=\"yoast-schema-graph\">{\"@context\":\"https:\\\/\\\/schema.org\",\"@graph\":[{\"@type\":\"WebPage\",\"@id\":\"https:\\\/\\\/lewiscreative.ca\\\/pt-br\\\/produto\\\/teaching-fonts-bundle\\\/\",\"url\":\"https:\\\/\\\/lewiscreative.ca\\\/pt-br\\\/produto\\\/teaching-fonts-bundle\\\/\",\"name\":\"Pacote de fontes de ensino - Fontes de rastreamento para escrita cursiva e impressa\",\"isPartOf\":{\"@id\":\"https:\\\/\\\/lewiscreative.ca\\\/pt-br\\\/#website\"},\"primaryImageOfPage\":{\"@id\":\"https:\\\/\\\/lewiscreative.ca\\\/pt-br\\\/produto\\\/teaching-fonts-bundle\\\/#primaryimage\"},\"image\":{\"@id\":\"https:\\\/\\\/lewiscreative.ca\\\/pt-br\\\/produto\\\/teaching-fonts-bundle\\\/#primaryimage\"},\"thumbnailUrl\":\"https:\\\/\\\/lewiscreative.ca\\\/wp-content\\\/uploads\\\/2022\\\/12\\\/Teaching-Font-Bundle-Tracing-Fonts-for-Print-and-Cursive-Handwriting.jpg\",\"datePublished\":\"2022-12-29T15:52:13+00:00\",\"dateModified\":\"2026-04-11T23:25:54+00:00\",\"description\":\"Um pacote de fontes did\u00e1ticas para crian\u00e7as que est\u00e3o aprendendo a escrever o alfabeto usando letra cursiva ou impressa - \u00f3timo para alunos destros ou canhotos.\",\"breadcrumb\":{\"@id\":\"https:\\\/\\\/lewiscreative.ca\\\/pt-br\\\/produto\\\/teaching-fonts-bundle\\\/#breadcrumb\"},\"inLanguage\":\"pt-BR\",\"potentialAction\":[{\"@type\":\"ReadAction\",\"target\":[\"https:\\\/\\\/lewiscreative.ca\\\/pt-br\\\/produto\\\/teaching-fonts-bundle\\\/\"]}]},{\"@type\":\"ImageObject\",\"inLanguage\":\"pt-BR\",\"@id\":\"https:\\\/\\\/lewiscreative.ca\\\/pt-br\\\/produto\\\/teaching-fonts-bundle\\\/#primaryimage\",\"url\":\"https:\\\/\\\/lewiscreative.ca\\\/wp-content\\\/uploads\\\/2022\\\/12\\\/Teaching-Font-Bundle-Tracing-Fonts-for-Print-and-Cursive-Handwriting.jpg\",\"contentUrl\":\"https:\\\/\\\/lewiscreative.ca\\\/wp-content\\\/uploads\\\/2022\\\/12\\\/Teaching-Font-Bundle-Tracing-Fonts-for-Print-and-Cursive-Handwriting.jpg\",\"width\":1000,\"height\":1000},{\"@type\":\"BreadcrumbList\",\"@id\":\"https:\\\/\\\/lewiscreative.ca\\\/pt-br\\\/produto\\\/teaching-fonts-bundle\\\/#breadcrumb\",\"itemListElement\":[{\"@type\":\"ListItem\",\"position\":1,\"name\":\"Home\",\"item\":\"https:\\\/\\\/lewiscreative.ca\\\/pt-br\\\/\"},{\"@type\":\"ListItem\",\"position\":2,\"name\":\"Loja\",\"item\":\"https:\\\/\\\/lewiscreative.ca\\\/loja\\\/\"},{\"@type\":\"ListItem\",\"position\":3,\"name\":\"Pacote de fontes de ensino &#8211; Fontes de rastreamento para caligrafia cursiva e impressa\"}]},{\"@type\":\"WebSite\",\"@id\":\"https:\\\/\\\/lewiscreative.ca\\\/pt-br\\\/#website\",\"url\":\"https:\\\/\\\/lewiscreative.ca\\\/pt-br\\\/\",\"name\":\"Lewis Creative\",\"description\":\"UI Design - UX Tips - Fonts - Freebies\",\"publisher\":{\"@id\":\"https:\\\/\\\/lewiscreative.ca\\\/pt-br\\\/#organization\"},\"potentialAction\":[{\"@type\":\"SearchAction\",\"target\":{\"@type\":\"EntryPoint\",\"urlTemplate\":\"https:\\\/\\\/lewiscreative.ca\\\/pt-br\\\/?s={search_term_string}\"},\"query-input\":{\"@type\":\"PropertyValueSpecification\",\"valueRequired\":true,\"valueName\":\"search_term_string\"}}],\"inLanguage\":\"pt-BR\"},{\"@type\":\"Organization\",\"@id\":\"https:\\\/\\\/lewiscreative.ca\\\/pt-br\\\/#organization\",\"name\":\"Lewis Creative\",\"url\":\"https:\\\/\\\/lewiscreative.ca\\\/pt-br\\\/\",\"logo\":{\"@type\":\"ImageObject\",\"inLanguage\":\"pt-BR\",\"@id\":\"https:\\\/\\\/lewiscreative.ca\\\/pt-br\\\/#\\\/schema\\\/logo\\\/image\\\/\",\"url\":\"https:\\\/\\\/lewiscreative.ca\\\/wp-content\\\/uploads\\\/2022\\\/06\\\/Lewis-Creative-Logo-Teaching-And-Tracing-Font-Resources.png\",\"contentUrl\":\"https:\\\/\\\/lewiscreative.ca\\\/wp-content\\\/uploads\\\/2022\\\/06\\\/Lewis-Creative-Logo-Teaching-And-Tracing-Font-Resources.png\",\"width\":335,\"height\":335,\"caption\":\"Lewis Creative\"},\"image\":{\"@id\":\"https:\\\/\\\/lewiscreative.ca\\\/pt-br\\\/#\\\/schema\\\/logo\\\/image\\\/\"},\"sameAs\":[\"https:\\\/\\\/facebook.com\\\/lewiscreative.ca\",\"https:\\\/\\\/instagram.com\\\/lewiscreative.ca\"]}]}<\/script>\n<!-- \/ Yoast SEO plugin. -->","yoast_head_json":{"title":"Pacote de fontes de ensino - Fontes de rastreamento para escrita cursiva e impressa","description":"Um pacote de fontes did\u00e1ticas para crian\u00e7as que est\u00e3o aprendendo a escrever o alfabeto usando letra cursiva ou impressa - \u00f3timo para alunos destros ou canhotos.","robots":{"index":"index","follow":"follow","max-snippet":"max-snippet:-1","max-image-preview":"max-image-preview:large","max-video-preview":"max-video-preview:-1"},"canonical":"https:\/\/lewiscreative.ca\/pt-br\/produto\/teaching-fonts-bundle\/","og_locale":"pt_BR","og_type":"article","og_title":"Pacote de fontes de ensino - Fontes de rastreamento para escrita cursiva e impressa","og_description":"Um pacote de fontes did\u00e1ticas para crian\u00e7as que est\u00e3o aprendendo a escrever o alfabeto usando letra cursiva ou impressa - \u00f3timo para alunos destros ou canhotos.","og_url":"https:\/\/lewiscreative.ca\/pt-br\/produto\/teaching-fonts-bundle\/","og_site_name":"Lewis Creative","article_publisher":"https:\/\/facebook.com\/lewiscreative.ca","article_modified_time":"2026-04-11T23:25:54+00:00","og_image":[{"width":1000,"height":1000,"url":"https:\/\/lewiscreative.ca\/wp-content\/uploads\/2022\/12\/Teaching-Font-Bundle-Tracing-Fonts-for-Print-and-Cursive-Handwriting.jpg","type":"image\/jpeg"}],"twitter_card":"summary_large_image","twitter_misc":{"Est. tempo de leitura":"1 minuto"},"schema":{"@context":"https:\/\/schema.org","@graph":[{"@type":"WebPage","@id":"https:\/\/lewiscreative.ca\/pt-br\/produto\/teaching-fonts-bundle\/","url":"https:\/\/lewiscreative.ca\/pt-br\/produto\/teaching-fonts-bundle\/","name":"Pacote de fontes de ensino - Fontes de rastreamento para escrita cursiva e impressa","isPartOf":{"@id":"https:\/\/lewiscreative.ca\/pt-br\/#website"},"primaryImageOfPage":{"@id":"https:\/\/lewiscreative.ca\/pt-br\/produto\/teaching-fonts-bundle\/#primaryimage"},"image":{"@id":"https:\/\/lewiscreative.ca\/pt-br\/produto\/teaching-fonts-bundle\/#primaryimage"},"thumbnailUrl":"https:\/\/lewiscreative.ca\/wp-content\/uploads\/2022\/12\/Teaching-Font-Bundle-Tracing-Fonts-for-Print-and-Cursive-Handwriting.jpg","datePublished":"2022-12-29T15:52:13+00:00","dateModified":"2026-04-11T23:25:54+00:00","description":"Um pacote de fontes did\u00e1ticas para crian\u00e7as que est\u00e3o aprendendo a escrever o alfabeto usando letra cursiva ou impressa - \u00f3timo para alunos destros ou canhotos.","breadcrumb":{"@id":"https:\/\/lewiscreative.ca\/pt-br\/produto\/teaching-fonts-bundle\/#breadcrumb"},"inLanguage":"pt-BR","potentialAction":[{"@type":"ReadAction","target":["https:\/\/lewiscreative.ca\/pt-br\/produto\/teaching-fonts-bundle\/"]}]},{"@type":"ImageObject","inLanguage":"pt-BR","@id":"https:\/\/lewiscreative.ca\/pt-br\/produto\/teaching-fonts-bundle\/#primaryimage","url":"https:\/\/lewiscreative.ca\/wp-content\/uploads\/2022\/12\/Teaching-Font-Bundle-Tracing-Fonts-for-Print-and-Cursive-Handwriting.jpg","contentUrl":"https:\/\/lewiscreative.ca\/wp-content\/uploads\/2022\/12\/Teaching-Font-Bundle-Tracing-Fonts-for-Print-and-Cursive-Handwriting.jpg","width":1000,"height":1000},{"@type":"BreadcrumbList","@id":"https:\/\/lewiscreative.ca\/pt-br\/produto\/teaching-fonts-bundle\/#breadcrumb","itemListElement":[{"@type":"ListItem","position":1,"name":"Home","item":"https:\/\/lewiscreative.ca\/pt-br\/"},{"@type":"ListItem","position":2,"name":"Loja","item":"https:\/\/lewiscreative.ca\/loja\/"},{"@type":"ListItem","position":3,"name":"Pacote de fontes de ensino &#8211; Fontes de rastreamento para caligrafia cursiva e impressa"}]},{"@type":"WebSite","@id":"https:\/\/lewiscreative.ca\/pt-br\/#website","url":"https:\/\/lewiscreative.ca\/pt-br\/","name":"Lewis Creative","description":"UI Design - UX Tips - Fonts - Freebies","publisher":{"@id":"https:\/\/lewiscreative.ca\/pt-br\/#organization"},"potentialAction":[{"@type":"SearchAction","target":{"@type":"EntryPoint","urlTemplate":"https:\/\/lewiscreative.ca\/pt-br\/?s={search_term_string}"},"query-input":{"@type":"PropertyValueSpecification","valueRequired":true,"valueName":"search_term_string"}}],"inLanguage":"pt-BR"},{"@type":"Organization","@id":"https:\/\/lewiscreative.ca\/pt-br\/#organization","name":"Lewis Creative","url":"https:\/\/lewiscreative.ca\/pt-br\/","logo":{"@type":"ImageObject","inLanguage":"pt-BR","@id":"https:\/\/lewiscreative.ca\/pt-br\/#\/schema\/logo\/image\/","url":"https:\/\/lewiscreative.ca\/wp-content\/uploads\/2022\/06\/Lewis-Creative-Logo-Teaching-And-Tracing-Font-Resources.png","contentUrl":"https:\/\/lewiscreative.ca\/wp-content\/uploads\/2022\/06\/Lewis-Creative-Logo-Teaching-And-Tracing-Font-Resources.png","width":335,"height":335,"caption":"Lewis Creative"},"image":{"@id":"https:\/\/lewiscreative.ca\/pt-br\/#\/schema\/logo\/image\/"},"sameAs":["https:\/\/facebook.com\/lewiscreative.ca","https:\/\/instagram.com\/lewiscreative.ca"]}]}},"_links":{"self":[{"href":"https:\/\/lewiscreative.ca\/pt-br\/wp-json\/wp\/v2\/product\/4218","targetHints":{"allow":["GET"]}}],"collection":[{"href":"https:\/\/lewiscreative.ca\/pt-br\/wp-json\/wp\/v2\/product"}],"about":[{"href":"https:\/\/lewiscreative.ca\/pt-br\/wp-json\/wp\/v2\/types\/product"}],"replies":[{"embeddable":true,"href":"https:\/\/lewiscreative.ca\/pt-br\/wp-json\/wp\/v2\/comments?post=4218"}],"wp:featuredmedia":[{"embeddable":true,"href":"https:\/\/lewiscreative.ca\/pt-br\/wp-json\/wp\/v2\/media\/4178"}],"wp:attachment":[{"href":"https:\/\/lewiscreative.ca\/pt-br\/wp-json\/wp\/v2\/media?parent=4218"}],"wp:term":[{"taxonomy":"product_brand","embeddable":true,"href":"https:\/\/lewiscreative.ca\/pt-br\/wp-json\/wp\/v2\/product_brand?post=4218"},{"taxonomy":"product_cat","embeddable":true,"href":"https:\/\/lewiscreative.ca\/pt-br\/wp-json\/wp\/v2\/product_cat?post=4218"},{"taxonomy":"product_tag","embeddable":true,"href":"https:\/\/lewiscreative.ca\/pt-br\/wp-json\/wp\/v2\/product_tag?post=4218"}],"curies":[{"name":"wp","href":"https:\/\/api.w.org\/{rel}","templated":true}]}}