{"id":4110,"date":"2024-08-08T22:12:10","date_gmt":"2024-08-09T02:12:10","guid":{"rendered":"https:\/\/lewiscreative.ca\/folha-de-rastreamento-personalizada-gerador-instantaneo\/"},"modified":"2024-08-08T23:12:00","modified_gmt":"2024-08-09T03:12:00","slug":"trace","status":"publish","type":"page","link":"https:\/\/lewiscreative.ca\/pt-br\/trace\/","title":{"rendered":"Folha de rastreamento personalizada &#8211; Gerador instant\u00e2neo"},"content":{"rendered":"<p>[et_pb_section fb_built=&#8221;1&#8243; _builder_version=&#8221;4.9.4&#8243; _module_preset=&#8221;default&#8221; global_colors_info=&#8221;{}&#8221;][et_pb_row _builder_version=&#8221;4.9.4&#8243; _module_preset=&#8221;default&#8221; custom_padding=&#8221;||||false|false&#8221; global_colors_info=&#8221;{}&#8221;][et_pb_column type=&#8221;4_4&#8243; _builder_version=&#8221;4.9.4&#8243; _module_preset=&#8221;default&#8221; global_colors_info=&#8221;{}&#8221;][et_pb_text _builder_version=&#8221;4.9.4&#8243; _module_preset=&#8221;default&#8221; header_text_align=&#8221;center&#8221; global_colors_info=&#8221;{}&#8221;]<\/p>\n<h1><strong>Fa\u00e7a sua pr\u00f3pria folha de rastreamento (instantaneamente\u2728)<\/strong><\/h1>\n<p>[\/et_pb_text][\/et_pb_column][\/et_pb_row][et_pb_row column_structure=&#8221;2_3,1_3&#8243; use_custom_gutter=&#8221;on&#8221; gutter_width=&#8221;1&#8243; _builder_version=&#8221;4.9.4&#8243; _module_preset=&#8221;default&#8221; background_color=&#8221;#2A2831&#8243; background_image=&#8221;http:\/\/lewiscreative.ca\/wp-content\/uploads\/2021\/05\/Lewis-Creative-Background.jpg&#8221; custom_padding=&#8221;0px||0px|||&#8221; border_radii=&#8221;on|10px|10px|10px|10px&#8221; border_width_all=&#8221;4px&#8221; global_colors_info=&#8221;{}&#8221;][et_pb_column type=&#8221;2_3&#8243; _builder_version=&#8221;4.9.4&#8243; _module_preset=&#8221;default&#8221; global_colors_info=&#8221;{}&#8221;][et_pb_image src=&#8221;http:\/\/lewiscreative.ca\/wp-content\/uploads\/2021\/05\/A-is-for-Abigail-Mockup-1.jpg&#8221; alt=&#8221;Recurso Gratuito para Ensino de Impress\u00e3o Manuscrita&#8221; title_text=&#8221;Recurso Gratuito para Ensino de Impress\u00e3o Manuscrita&#8221; _builder_version=&#8221;4.9.4&#8243; _module_preset=&#8221;default&#8221; border_radii=&#8221;off|10px|||10px&#8221; global_colors_info=&#8221;{}&#8221;][\/et_pb_image][\/et_pb_column][et_pb_column type=&#8221;1_3&#8243; _builder_version=&#8221;4.9.4&#8243; _module_preset=&#8221;default&#8221; global_colors_info=&#8221;{}&#8221;][et_pb_text _builder_version=&#8221;4.14.5&#8243; _module_preset=&#8221;default&#8221; text_text_color=&#8221;#c4c4c4&#8243; header_3_font=&#8221;|700|||||||&#8221; header_3_text_align=&#8221;center&#8221; header_3_text_color=&#8221;#FFFFFF&#8221; header_3_line_height=&#8221;1.5em&#8221; text_orientation=&#8221;center&#8221; custom_padding=&#8221;40px|20px|0px|20px|false|false&#8221; hover_enabled=&#8221;0&#8243; global_colors_info=&#8221;{}&#8221; sticky_enabled=&#8221;0&#8243;]<\/p>\n<h3>Insira um nome abaixo<\/h3>\n<p>Crie uma impress\u00e3o personalizada para manter seus filhos envolvidos&#8230; e depois clique em imprimir!<\/p>\n<p>[\/et_pb_text][dsm_contact_form_7 cf7_library=&#8221;196&#8243; _builder_version=&#8221;4.9.4&#8243; _module_preset=&#8221;default&#8221; labels_font=&#8221;|700|||||||&#8221; labels_text_color=&#8221;#FFFFFF&#8221; labels_font_size=&#8221;16px&#8221; labels_line_height=&#8221;2.1em&#8221; input_textarea_select_font=&#8221;|700|||||||&#8221; input_textarea_select_text_color=&#8221;#2A2831&#8243; placeholder_font=&#8221;|700|||||||&#8221; custom_button_one=&#8221;on&#8221; button_one_text_size=&#8221;12px&#8221; button_one_text_color=&#8221;#FFFFFF&#8221; button_one_bg_color=&#8221;#751fff&#8221; button_one_border_width=&#8221;0px&#8221; button_one_border_radius=&#8221;0px&#8221; button_one_letter_spacing=&#8221;3px&#8221; button_one_font=&#8221;|700||on|||||&#8221; button_one_custom_margin=&#8221;14px||||false|false&#8221; button_one_custom_padding=&#8221;14px|25px|14px|25px|true|true&#8221; custom_margin=&#8221;||||true|true&#8221; custom_padding=&#8221;23px|24px|38px|24px|false|true&#8221; global_colors_info=&#8221;{}&#8221; button_one_bg_color__hover=&#8221;#0a0808&#8243; button_one_bg_color__hover_enabled=&#8221;on|hover&#8221; button_one_border_width__hover_enabled=&#8221;on|hover&#8221; button_one_border_color__hover=&#8221;#FFFFFF&#8221; button_one_border_color__hover_enabled=&#8221;on|hover&#8221; button_one_border_width__hover=&#8221;0px&#8221;][\/dsm_contact_form_7][\/et_pb_column][\/et_pb_row][et_pb_row _builder_version=&#8221;4.9.4&#8243; _module_preset=&#8221;default&#8221; width=&#8221;100%&#8221; custom_padding=&#8221;||||false|false&#8221; custom_css_main_element=&#8221;text-align: center;||width: 100% !important&#8221; global_colors_info=&#8221;{}&#8221;][et_pb_column type=&#8221;4_4&#8243; _builder_version=&#8221;4.9.4&#8243; _module_preset=&#8221;default&#8221; global_colors_info=&#8221;{}&#8221;][et_pb_sidebar area=&#8221;sidebar-7&#8243; module_id=&#8221;SwitcherSidebar&#8221; _builder_version=&#8221;4.9.4&#8243; _module_preset=&#8221;default&#8221; global_colors_info=&#8221;{}&#8221;][\/et_pb_sidebar][\/et_pb_column][\/et_pb_row][\/et_pb_section][et_pb_section fb_built=&#8221;1&#8243; _builder_version=&#8221;4.9.4&#8243; _module_preset=&#8221;default&#8221; global_colors_info=&#8221;{}&#8221;][et_pb_row _builder_version=&#8221;4.9.4&#8243; _module_preset=&#8221;default&#8221; global_colors_info=&#8221;{}&#8221;][et_pb_column type=&#8221;4_4&#8243; _builder_version=&#8221;4.9.4&#8243; _module_preset=&#8221;default&#8221; global_colors_info=&#8221;{}&#8221;][et_pb_text _builder_version=&#8221;4.9.4&#8243; _module_preset=&#8221;default&#8221; global_colors_info=&#8221;{}&#8221;]<\/p>\n<h2 style=\"text-align: center;\"><strong>Produtos Relacionados<\/strong><\/h2>\n<p>[\/et_pb_text][et_pb_shop type=&#8221;best_selling&#8221; posts_number=&#8221;4&#8243; columns_number=&#8221;4&#8243; _builder_version=&#8221;4.9.4&#8243; _module_preset=&#8221;default&#8221; global_colors_info=&#8221;{}&#8221;][\/et_pb_shop][\/et_pb_column][\/et_pb_row][\/et_pb_section]<\/p>\n<span class=\"et_bloom_bottom_trigger\"><\/span>","protected":false},"excerpt":{"rendered":"<p>Fa\u00e7a sua pr\u00f3pria folha de rastreamento (instantaneamente\u2728)Insira um nome abaixo Crie uma impress\u00e3o personalizada para manter seus filhos envolvidos&#8230; e depois clique em imprimir!<div class=\"et_pb_module dsm_contact_form_7 dsm_contact_form_7_0\">\n\t\t\t\t\n\t\t\t\t\n\t\t\t\t\n\t\t\t\t\n\t\t\t\t\n\t\t\t\t\n\t\t\t\t<div class=\"et_pb_module_inner\">\n\t\t\t\t\t<div class=\"\">\n\t\t\t\t\n<div class=\"wpcf7 no-js\" id=\"wpcf7-f4120-o1\" lang=\"pt-BR\" dir=\"ltr\" data-wpcf7-id=\"4120\">\n<div class=\"screen-reader-response\"><p role=\"status\" aria-live=\"polite\" aria-atomic=\"true\"><\/p> <ul><\/ul><\/div>\n<form action=\"\/pt-br\/wp-json\/wp\/v2\/pages\/4110#wpcf7-f4120-o1\" method=\"post\" class=\"wpcf7-form init\" aria-label=\"Formul\u00e1rios de contato\" novalidate=\"novalidate\" data-status=\"init\">\n<fieldset class=\"hidden-fields-container\"><input type=\"hidden\" name=\"_wpcf7\" value=\"4120\" \/><input type=\"hidden\" name=\"_wpcf7_version\" value=\"6.1.5\" \/><input type=\"hidden\" name=\"_wpcf7_locale\" value=\"pt_BR\" \/><input type=\"hidden\" name=\"_wpcf7_unit_tag\" value=\"wpcf7-f4120-o1\" \/><input type=\"hidden\" name=\"_wpcf7_container_post\" value=\"0\" \/><input type=\"hidden\" name=\"_wpcf7_posted_data_hash\" value=\"\" \/>\n<\/fieldset>\n<p><label> Meu nome \u00e9... <span class=\"wpcf7-form-control-wrap\" data-name=\"your-subject\"><input size=\"40\" maxlength=\"400\" class=\"wpcf7-form-control wpcf7-text wpcf7-validates-as-required\" aria-required=\"true\" aria-invalid=\"false\" placeholder=\"Eg. Adriana, Bernardo, Camila...\" value=\"\" type=\"text\" name=\"your-subject\" \/><\/span> <\/label>\n<\/p>\n<p><button class=\"wpcf7-form-control wpcf7-submit has-spinner et_pb_button et_pb_bg_layout_light\" type=\"submit\" value=\"Construa meu imprim\u00edvel\">Construa meu imprim\u00edvel<\/button>\n<\/p><div class=\"wpcf7-response-output\" aria-hidden=\"true\"><\/div>\n<\/form>\n<\/div>\n\n\t\t\t<\/div>\n\t\t\t\t<\/div>\n\t\t\t<\/div>Produtos Relacionados<\/p>\n","protected":false},"author":1,"featured_media":4111,"parent":0,"menu_order":0,"comment_status":"closed","ping_status":"closed","template":"","meta":{"_et_pb_use_builder":"on","_et_pb_old_content":"","_et_gb_content_width":"","footnotes":""},"class_list":["post-4110","page","type-page","status-publish","has-post-thumbnail","hentry"],"yoast_head":"<!-- This site is optimized with the Yoast SEO plugin v27.3 - https:\/\/yoast.com\/product\/yoast-seo-wordpress\/ -->\n<title>Folha de rastreamento personalizada - Gerador instant\u00e2neo - Lewis Creative<\/title>\n<meta name=\"description\" content=\"Crie uma atividade envolvente para seus alunos, personalizada com seus nomes! Voc\u00ea tamb\u00e9m pode adicionar uma foto do aluno ou deix\u00e1-lo desenhar uma!\" \/>\n<meta name=\"robots\" content=\"index, follow, max-snippet:-1, max-image-preview:large, max-video-preview:-1\" \/>\n<link rel=\"canonical\" href=\"https:\/\/lewiscreative.ca\/pt-br\/trace\/\" \/>\n<meta property=\"og:locale\" content=\"pt_BR\" \/>\n<meta property=\"og:type\" content=\"article\" \/>\n<meta property=\"og:title\" content=\"Folha de rastreamento personalizada - Gerador instant\u00e2neo - Lewis Creative\" \/>\n<meta property=\"og:description\" content=\"Crie uma atividade envolvente para seus alunos, personalizada com seus nomes! Voc\u00ea tamb\u00e9m pode adicionar uma foto do aluno ou deix\u00e1-lo desenhar uma!\" \/>\n<meta property=\"og:url\" content=\"https:\/\/lewiscreative.ca\/pt-br\/trace\/\" \/>\n<meta property=\"og:site_name\" content=\"Lewis Creative\" \/>\n<meta property=\"article:publisher\" content=\"https:\/\/facebook.com\/lewiscreative.ca\" \/>\n<meta property=\"article:modified_time\" content=\"2024-08-09T03:12:00+00:00\" \/>\n<meta property=\"og:image\" content=\"https:\/\/lewiscreative.ca\/wp-content\/uploads\/2021\/05\/Teaching-Handwriting-Free-Personalized-Generator.jpg\" \/>\n\t<meta property=\"og:image:width\" content=\"1800\" \/>\n\t<meta property=\"og:image:height\" content=\"1200\" \/>\n\t<meta property=\"og:image:type\" content=\"image\/jpeg\" \/>\n<meta name=\"twitter:card\" content=\"summary_large_image\" \/>\n<meta name=\"twitter:label1\" content=\"Est. tempo de leitura\" \/>\n\t<meta name=\"twitter:data1\" content=\"3 minutos\" \/>\n<script type=\"application\/ld+json\" class=\"yoast-schema-graph\">{\"@context\":\"https:\\\/\\\/schema.org\",\"@graph\":[{\"@type\":\"WebPage\",\"@id\":\"https:\\\/\\\/lewiscreative.ca\\\/pt-br\\\/trace\\\/\",\"url\":\"https:\\\/\\\/lewiscreative.ca\\\/pt-br\\\/trace\\\/\",\"name\":\"Folha de rastreamento personalizada - Gerador instant\u00e2neo - Lewis Creative\",\"isPartOf\":{\"@id\":\"https:\\\/\\\/lewiscreative.ca\\\/pt-br\\\/#website\"},\"primaryImageOfPage\":{\"@id\":\"https:\\\/\\\/lewiscreative.ca\\\/pt-br\\\/trace\\\/#primaryimage\"},\"image\":{\"@id\":\"https:\\\/\\\/lewiscreative.ca\\\/pt-br\\\/trace\\\/#primaryimage\"},\"thumbnailUrl\":\"https:\\\/\\\/lewiscreative.ca\\\/wp-content\\\/uploads\\\/2021\\\/05\\\/Teaching-Handwriting-Free-Personalized-Generator.jpg\",\"datePublished\":\"2024-08-09T02:12:10+00:00\",\"dateModified\":\"2024-08-09T03:12:00+00:00\",\"description\":\"Crie uma atividade envolvente para seus alunos, personalizada com seus nomes! Voc\u00ea tamb\u00e9m pode adicionar uma foto do aluno ou deix\u00e1-lo desenhar uma!\",\"breadcrumb\":{\"@id\":\"https:\\\/\\\/lewiscreative.ca\\\/pt-br\\\/trace\\\/#breadcrumb\"},\"inLanguage\":\"pt-BR\",\"potentialAction\":[{\"@type\":\"ReadAction\",\"target\":[\"https:\\\/\\\/lewiscreative.ca\\\/pt-br\\\/trace\\\/\"]}]},{\"@type\":\"ImageObject\",\"inLanguage\":\"pt-BR\",\"@id\":\"https:\\\/\\\/lewiscreative.ca\\\/pt-br\\\/trace\\\/#primaryimage\",\"url\":\"https:\\\/\\\/lewiscreative.ca\\\/wp-content\\\/uploads\\\/2021\\\/05\\\/Teaching-Handwriting-Free-Personalized-Generator.jpg\",\"contentUrl\":\"https:\\\/\\\/lewiscreative.ca\\\/wp-content\\\/uploads\\\/2021\\\/05\\\/Teaching-Handwriting-Free-Personalized-Generator.jpg\",\"width\":1800,\"height\":1200},{\"@type\":\"BreadcrumbList\",\"@id\":\"https:\\\/\\\/lewiscreative.ca\\\/pt-br\\\/trace\\\/#breadcrumb\",\"itemListElement\":[{\"@type\":\"ListItem\",\"position\":1,\"name\":\"Home\",\"item\":\"https:\\\/\\\/lewiscreative.ca\\\/pt-br\\\/\"},{\"@type\":\"ListItem\",\"position\":2,\"name\":\"Folha de rastreamento personalizada &#8211; Gerador instant\u00e2neo\"}]},{\"@type\":\"WebSite\",\"@id\":\"https:\\\/\\\/lewiscreative.ca\\\/pt-br\\\/#website\",\"url\":\"https:\\\/\\\/lewiscreative.ca\\\/pt-br\\\/\",\"name\":\"Lewis Creative\",\"description\":\"UI Design - UX Tips - Fonts - Freebies\",\"publisher\":{\"@id\":\"https:\\\/\\\/lewiscreative.ca\\\/pt-br\\\/#organization\"},\"potentialAction\":[{\"@type\":\"SearchAction\",\"target\":{\"@type\":\"EntryPoint\",\"urlTemplate\":\"https:\\\/\\\/lewiscreative.ca\\\/pt-br\\\/?s={search_term_string}\"},\"query-input\":{\"@type\":\"PropertyValueSpecification\",\"valueRequired\":true,\"valueName\":\"search_term_string\"}}],\"inLanguage\":\"pt-BR\"},{\"@type\":\"Organization\",\"@id\":\"https:\\\/\\\/lewiscreative.ca\\\/pt-br\\\/#organization\",\"name\":\"Lewis Creative\",\"url\":\"https:\\\/\\\/lewiscreative.ca\\\/pt-br\\\/\",\"logo\":{\"@type\":\"ImageObject\",\"inLanguage\":\"pt-BR\",\"@id\":\"https:\\\/\\\/lewiscreative.ca\\\/pt-br\\\/#\\\/schema\\\/logo\\\/image\\\/\",\"url\":\"https:\\\/\\\/lewiscreative.ca\\\/wp-content\\\/uploads\\\/2022\\\/06\\\/Lewis-Creative-Logo-Teaching-And-Tracing-Font-Resources.png\",\"contentUrl\":\"https:\\\/\\\/lewiscreative.ca\\\/wp-content\\\/uploads\\\/2022\\\/06\\\/Lewis-Creative-Logo-Teaching-And-Tracing-Font-Resources.png\",\"width\":335,\"height\":335,\"caption\":\"Lewis Creative\"},\"image\":{\"@id\":\"https:\\\/\\\/lewiscreative.ca\\\/pt-br\\\/#\\\/schema\\\/logo\\\/image\\\/\"},\"sameAs\":[\"https:\\\/\\\/facebook.com\\\/lewiscreative.ca\",\"https:\\\/\\\/instagram.com\\\/lewiscreative.ca\"]}]}<\/script>\n<!-- \/ Yoast SEO plugin. -->","yoast_head_json":{"title":"Folha de rastreamento personalizada - Gerador instant\u00e2neo - Lewis Creative","description":"Crie uma atividade envolvente para seus alunos, personalizada com seus nomes! Voc\u00ea tamb\u00e9m pode adicionar uma foto do aluno ou deix\u00e1-lo desenhar uma!","robots":{"index":"index","follow":"follow","max-snippet":"max-snippet:-1","max-image-preview":"max-image-preview:large","max-video-preview":"max-video-preview:-1"},"canonical":"https:\/\/lewiscreative.ca\/pt-br\/trace\/","og_locale":"pt_BR","og_type":"article","og_title":"Folha de rastreamento personalizada - Gerador instant\u00e2neo - Lewis Creative","og_description":"Crie uma atividade envolvente para seus alunos, personalizada com seus nomes! Voc\u00ea tamb\u00e9m pode adicionar uma foto do aluno ou deix\u00e1-lo desenhar uma!","og_url":"https:\/\/lewiscreative.ca\/pt-br\/trace\/","og_site_name":"Lewis Creative","article_publisher":"https:\/\/facebook.com\/lewiscreative.ca","article_modified_time":"2024-08-09T03:12:00+00:00","og_image":[{"width":1800,"height":1200,"url":"https:\/\/lewiscreative.ca\/wp-content\/uploads\/2021\/05\/Teaching-Handwriting-Free-Personalized-Generator.jpg","type":"image\/jpeg"}],"twitter_card":"summary_large_image","twitter_misc":{"Est. tempo de leitura":"3 minutos"},"schema":{"@context":"https:\/\/schema.org","@graph":[{"@type":"WebPage","@id":"https:\/\/lewiscreative.ca\/pt-br\/trace\/","url":"https:\/\/lewiscreative.ca\/pt-br\/trace\/","name":"Folha de rastreamento personalizada - Gerador instant\u00e2neo - Lewis Creative","isPartOf":{"@id":"https:\/\/lewiscreative.ca\/pt-br\/#website"},"primaryImageOfPage":{"@id":"https:\/\/lewiscreative.ca\/pt-br\/trace\/#primaryimage"},"image":{"@id":"https:\/\/lewiscreative.ca\/pt-br\/trace\/#primaryimage"},"thumbnailUrl":"https:\/\/lewiscreative.ca\/wp-content\/uploads\/2021\/05\/Teaching-Handwriting-Free-Personalized-Generator.jpg","datePublished":"2024-08-09T02:12:10+00:00","dateModified":"2024-08-09T03:12:00+00:00","description":"Crie uma atividade envolvente para seus alunos, personalizada com seus nomes! Voc\u00ea tamb\u00e9m pode adicionar uma foto do aluno ou deix\u00e1-lo desenhar uma!","breadcrumb":{"@id":"https:\/\/lewiscreative.ca\/pt-br\/trace\/#breadcrumb"},"inLanguage":"pt-BR","potentialAction":[{"@type":"ReadAction","target":["https:\/\/lewiscreative.ca\/pt-br\/trace\/"]}]},{"@type":"ImageObject","inLanguage":"pt-BR","@id":"https:\/\/lewiscreative.ca\/pt-br\/trace\/#primaryimage","url":"https:\/\/lewiscreative.ca\/wp-content\/uploads\/2021\/05\/Teaching-Handwriting-Free-Personalized-Generator.jpg","contentUrl":"https:\/\/lewiscreative.ca\/wp-content\/uploads\/2021\/05\/Teaching-Handwriting-Free-Personalized-Generator.jpg","width":1800,"height":1200},{"@type":"BreadcrumbList","@id":"https:\/\/lewiscreative.ca\/pt-br\/trace\/#breadcrumb","itemListElement":[{"@type":"ListItem","position":1,"name":"Home","item":"https:\/\/lewiscreative.ca\/pt-br\/"},{"@type":"ListItem","position":2,"name":"Folha de rastreamento personalizada &#8211; Gerador instant\u00e2neo"}]},{"@type":"WebSite","@id":"https:\/\/lewiscreative.ca\/pt-br\/#website","url":"https:\/\/lewiscreative.ca\/pt-br\/","name":"Lewis Creative","description":"UI Design - UX Tips - Fonts - Freebies","publisher":{"@id":"https:\/\/lewiscreative.ca\/pt-br\/#organization"},"potentialAction":[{"@type":"SearchAction","target":{"@type":"EntryPoint","urlTemplate":"https:\/\/lewiscreative.ca\/pt-br\/?s={search_term_string}"},"query-input":{"@type":"PropertyValueSpecification","valueRequired":true,"valueName":"search_term_string"}}],"inLanguage":"pt-BR"},{"@type":"Organization","@id":"https:\/\/lewiscreative.ca\/pt-br\/#organization","name":"Lewis Creative","url":"https:\/\/lewiscreative.ca\/pt-br\/","logo":{"@type":"ImageObject","inLanguage":"pt-BR","@id":"https:\/\/lewiscreative.ca\/pt-br\/#\/schema\/logo\/image\/","url":"https:\/\/lewiscreative.ca\/wp-content\/uploads\/2022\/06\/Lewis-Creative-Logo-Teaching-And-Tracing-Font-Resources.png","contentUrl":"https:\/\/lewiscreative.ca\/wp-content\/uploads\/2022\/06\/Lewis-Creative-Logo-Teaching-And-Tracing-Font-Resources.png","width":335,"height":335,"caption":"Lewis Creative"},"image":{"@id":"https:\/\/lewiscreative.ca\/pt-br\/#\/schema\/logo\/image\/"},"sameAs":["https:\/\/facebook.com\/lewiscreative.ca","https:\/\/instagram.com\/lewiscreative.ca"]}]}},"_links":{"self":[{"href":"https:\/\/lewiscreative.ca\/pt-br\/wp-json\/wp\/v2\/pages\/4110","targetHints":{"allow":["GET"]}}],"collection":[{"href":"https:\/\/lewiscreative.ca\/pt-br\/wp-json\/wp\/v2\/pages"}],"about":[{"href":"https:\/\/lewiscreative.ca\/pt-br\/wp-json\/wp\/v2\/types\/page"}],"author":[{"embeddable":true,"href":"https:\/\/lewiscreative.ca\/pt-br\/wp-json\/wp\/v2\/users\/1"}],"replies":[{"embeddable":true,"href":"https:\/\/lewiscreative.ca\/pt-br\/wp-json\/wp\/v2\/comments?post=4110"}],"version-history":[{"count":2,"href":"https:\/\/lewiscreative.ca\/pt-br\/wp-json\/wp\/v2\/pages\/4110\/revisions"}],"predecessor-version":[{"id":4113,"href":"https:\/\/lewiscreative.ca\/pt-br\/wp-json\/wp\/v2\/pages\/4110\/revisions\/4113"}],"wp:featuredmedia":[{"embeddable":true,"href":"https:\/\/lewiscreative.ca\/pt-br\/wp-json\/wp\/v2\/media\/4111"}],"wp:attachment":[{"href":"https:\/\/lewiscreative.ca\/pt-br\/wp-json\/wp\/v2\/media?parent=4110"}],"curies":[{"name":"wp","href":"https:\/\/api.w.org\/{rel}","templated":true}]}}