{"id":3116,"date":"2021-11-28T11:36:18","date_gmt":"2023-09-07T02:44:56","guid":{"rendered":"https:\/\/lewiscreative.ca\/product\/teaching-cursive\/"},"modified":"2026-04-08T12:47:56","modified_gmt":"2026-04-08T16:47:56","slug":"teaching-cursive","status":"publish","type":"product","link":"https:\/\/lewiscreative.ca\/fr\/produit\/teaching-cursive\/","title":{"rendered":"Teaching Cursive"},"content":{"rendered":"<div class=\"et_pb_module et_pb_wc_description et_pb_wc_description_0 et_pb_bg_layout_light et_pb_text_align_left\">\n<div class=\"et_pb_module_inner\">\n<p>Cette police de tra\u00e7age des lettres est destin\u00e9e aux enseignants et aux apprenants de tous niveaux de comp\u00e9tence qui souhaitent cr\u00e9er leurs propres feuilles d&rsquo;\u00e9criture cursive personnalis\u00e9es pour capter l&rsquo;attention de leurs \u00e9l\u00e8ves et les maintenir engag\u00e9s.<\/p>\n<p>M\u00eame si vous avez des \u00e9l\u00e8ves plus \u00e2g\u00e9s qui s&rsquo;int\u00e9ressent \u00e0 la calligraphie ou \u00e0 l&rsquo;\u00e9criture cursive, cela pourrait \u00eatre une excellente option pour les initier. Cr\u00e9er quelques feuilles d&rsquo;exercices ou les laisser cr\u00e9er les leurs pourrait \u00eatre exactement ce dont ils ont besoin pour se sentir inspir\u00e9s.<\/p>\n<p>Maintenant, vous pouvez cr\u00e9er vous-m\u00eame des feuilles de tra\u00e7age de haute qualit\u00e9, des \u00e9tiquettes de rentr\u00e9e scolaire aux activit\u00e9s de fin d&rsquo;ann\u00e9e ! Il vous suffit de t\u00e9l\u00e9charger, d&rsquo;installer et de commencer \u00e0 taper !<\/p>\n<p><strong>La police comprend 8 styles d&rsquo;\u00e9criture cursive enseignante :<\/strong><\/p>\n<ul>\n<li>Lign\u00e9\n<ul>\n<li>Normal<\/li>\n<li>Pointill\u00e9<\/li>\n<li>Fl\u00e8ches<\/li>\n<li>Fl\u00e8ches pointill\u00e9es<\/li>\n<\/ul>\n<\/li>\n<li>Non lign\u00e9\n<ul>\n<li>Normal<\/li>\n<li>Pointill\u00e9<\/li>\n<li>Fl\u00e8ches<\/li>\n<li>Fl\u00e8ches pointill\u00e9es<\/li>\n<\/ul>\n<\/li>\n<\/ul>\n<\/div>\n<\/div>\n<span class=\"et_bloom_bottom_trigger\"><\/span>","protected":false},"excerpt":{"rendered":"<p>Cette police de tra\u00e7age des lettres est destin\u00e9e aux enseignants et aux apprenants de tous niveaux de comp\u00e9tence qui souhaitent cr\u00e9er leurs propres feuilles d&rsquo;\u00e9criture cursive personnalis\u00e9es pour capter l&rsquo;attention de leurs \u00e9l\u00e8ves et les maintenir engag\u00e9s. M\u00eame si vous avez des \u00e9l\u00e8ves plus \u00e2g\u00e9s qui s&rsquo;int\u00e9ressent \u00e0 la calligraphie ou \u00e0 l&rsquo;\u00e9criture cursive, cela [&hellip;]<\/p>\n","protected":false},"featured_media":2327,"comment_status":"open","ping_status":"closed","template":"","meta":{"_et_pb_use_builder":"on","_et_pb_old_content":"<div class=\"et_pb_module et_pb_wc_description et_pb_wc_description_0 et_pb_bg_layout_light et_pb_text_align_left\">\n<div class=\"et_pb_module_inner\">\n\nCette police de tra\u00e7age des lettres est destin\u00e9e aux enseignants et aux apprenants de tous niveaux de comp\u00e9tence qui souhaitent cr\u00e9er leurs propres feuilles d'\u00e9criture cursive personnalis\u00e9es pour capter l'attention de leurs \u00e9l\u00e8ves et les maintenir engag\u00e9s.\n\nM\u00eame si vous avez des \u00e9l\u00e8ves plus \u00e2g\u00e9s qui s'int\u00e9ressent \u00e0 la calligraphie ou \u00e0 l'\u00e9criture cursive, cela pourrait \u00eatre une excellente option pour les initier. Cr\u00e9er quelques feuilles d'exercices ou les laisser cr\u00e9er les leurs pourrait \u00eatre exactement ce dont ils ont besoin pour se sentir inspir\u00e9s.\n\nMaintenant, vous pouvez cr\u00e9er vous-m\u00eame des feuilles de tra\u00e7age de haute qualit\u00e9, des \u00e9tiquettes de rentr\u00e9e scolaire aux activit\u00e9s de fin d'ann\u00e9e ! Il vous suffit de t\u00e9l\u00e9charger, d'installer et de commencer \u00e0 taper !\n\n<strong>La police comprend 8 styles d'\u00e9criture cursive enseignante :<\/strong>\n<ul>\n \t<li>Lign\u00e9\n<ul>\n \t<li>Normal<\/li>\n \t<li>Pointill\u00e9<\/li>\n \t<li>Fl\u00e8ches<\/li>\n \t<li>Fl\u00e8ches pointill\u00e9es<\/li>\n<\/ul>\n<\/li>\n \t<li>Non lign\u00e9\n<ul>\n \t<li>Normal<\/li>\n \t<li>Pointill\u00e9<\/li>\n \t<li>Fl\u00e8ches<\/li>\n \t<li>Fl\u00e8ches pointill\u00e9es<\/li>\n<\/ul>\n<\/li>\n<\/ul>\n<\/div>\n<\/div>","_et_gb_content_width":""},"product_brand":[],"product_cat":[73,75],"product_tag":[],"class_list":{"0":"post-3116","1":"product","2":"type-product","3":"status-publish","4":"has-post-thumbnail","6":"product_cat-polices","7":"product_cat-teaching-cursive-fr","9":"first","10":"instock","11":"downloadable","12":"virtual","13":"sold-individually","14":"taxable","15":"purchasable","16":"product-type-simple"},"yoast_head":"<!-- This site is optimized with the Yoast SEO plugin v27.3 - https:\/\/yoast.com\/product\/yoast-seo-wordpress\/ -->\n<title>Teaching Cursive - Police de tra\u00e7age des lettres - Lewis Creative<\/title>\n<meta name=\"robots\" content=\"index, follow, max-snippet:-1, max-image-preview:large, max-video-preview:-1\" \/>\n<link rel=\"canonical\" href=\"https:\/\/lewiscreative.ca\/fr\/produit\/teaching-cursive\/\" \/>\n<meta property=\"og:locale\" content=\"fr_FR\" \/>\n<meta property=\"og:type\" content=\"article\" \/>\n<meta property=\"og:title\" content=\"Teaching Cursive - Police de tra\u00e7age des lettres - Lewis Creative\" \/>\n<meta property=\"og:description\" content=\"Cette police de tra\u00e7age des lettres est destin\u00e9e aux enseignants et aux apprenants de tous niveaux de comp\u00e9tence qui souhaitent cr\u00e9er leurs propres feuilles d&#039;\u00e9criture cursive personnalis\u00e9es pour capter l&#039;attention de leurs \u00e9l\u00e8ves et les maintenir engag\u00e9s. M\u00eame si vous avez des \u00e9l\u00e8ves plus \u00e2g\u00e9s qui s&#039;int\u00e9ressent \u00e0 la calligraphie ou \u00e0 l&#039;\u00e9criture cursive, cela [&hellip;]\" \/>\n<meta property=\"og:url\" content=\"https:\/\/lewiscreative.ca\/fr\/produit\/teaching-cursive\/\" \/>\n<meta property=\"og:site_name\" content=\"Lewis Creative\" \/>\n<meta property=\"article:publisher\" content=\"https:\/\/facebook.com\/lewiscreative.ca\" \/>\n<meta property=\"article:modified_time\" content=\"2026-04-08T16:47:56+00:00\" \/>\n<meta property=\"og:image\" content=\"https:\/\/lewiscreative.ca\/wp-content\/uploads\/2021\/11\/Cursive-Tracing-Font-Teaching-Cursive-1.jpg\" \/>\n\t<meta property=\"og:image:width\" content=\"1080\" \/>\n\t<meta property=\"og:image:height\" content=\"1080\" \/>\n\t<meta property=\"og:image:type\" content=\"image\/jpeg\" \/>\n<meta name=\"twitter:card\" content=\"summary_large_image\" \/>\n<meta name=\"twitter:label1\" content=\"Dur\u00e9e de lecture estim\u00e9e\" \/>\n\t<meta name=\"twitter:data1\" content=\"1 minute\" \/>\n<script type=\"application\/ld+json\" class=\"yoast-schema-graph\">{\"@context\":\"https:\\\/\\\/schema.org\",\"@graph\":[{\"@type\":\"WebPage\",\"@id\":\"https:\\\/\\\/lewiscreative.ca\\\/fr\\\/produit\\\/teaching-cursive\\\/\",\"url\":\"https:\\\/\\\/lewiscreative.ca\\\/fr\\\/produit\\\/teaching-cursive\\\/\",\"name\":\"Teaching Cursive - Police de tra\u00e7age des lettres - Lewis Creative\",\"isPartOf\":{\"@id\":\"https:\\\/\\\/lewiscreative.ca\\\/fr\\\/#website\"},\"primaryImageOfPage\":{\"@id\":\"https:\\\/\\\/lewiscreative.ca\\\/fr\\\/produit\\\/teaching-cursive\\\/#primaryimage\"},\"image\":{\"@id\":\"https:\\\/\\\/lewiscreative.ca\\\/fr\\\/produit\\\/teaching-cursive\\\/#primaryimage\"},\"thumbnailUrl\":\"https:\\\/\\\/lewiscreative.ca\\\/wp-content\\\/uploads\\\/2021\\\/11\\\/Cursive-Tracing-Font-Teaching-Cursive-1.jpg\",\"datePublished\":\"2023-09-07T02:44:56+00:00\",\"dateModified\":\"2026-04-08T16:47:56+00:00\",\"breadcrumb\":{\"@id\":\"https:\\\/\\\/lewiscreative.ca\\\/fr\\\/produit\\\/teaching-cursive\\\/#breadcrumb\"},\"inLanguage\":\"fr-FR\",\"potentialAction\":[{\"@type\":\"ReadAction\",\"target\":[\"https:\\\/\\\/lewiscreative.ca\\\/fr\\\/produit\\\/teaching-cursive\\\/\"]}]},{\"@type\":\"ImageObject\",\"inLanguage\":\"fr-FR\",\"@id\":\"https:\\\/\\\/lewiscreative.ca\\\/fr\\\/produit\\\/teaching-cursive\\\/#primaryimage\",\"url\":\"https:\\\/\\\/lewiscreative.ca\\\/wp-content\\\/uploads\\\/2021\\\/11\\\/Cursive-Tracing-Font-Teaching-Cursive-1.jpg\",\"contentUrl\":\"https:\\\/\\\/lewiscreative.ca\\\/wp-content\\\/uploads\\\/2021\\\/11\\\/Cursive-Tracing-Font-Teaching-Cursive-1.jpg\",\"width\":1080,\"height\":1080,\"caption\":\"Cursive Letter Tracing Font - Teaching Cursive Dotted Arrows and Dotted Lined\"},{\"@type\":\"BreadcrumbList\",\"@id\":\"https:\\\/\\\/lewiscreative.ca\\\/fr\\\/produit\\\/teaching-cursive\\\/#breadcrumb\",\"itemListElement\":[{\"@type\":\"ListItem\",\"position\":1,\"name\":\"Home\",\"item\":\"https:\\\/\\\/lewiscreative.ca\\\/fr\\\/\"},{\"@type\":\"ListItem\",\"position\":2,\"name\":\"Boutique\",\"item\":\"https:\\\/\\\/lewiscreative.ca\\\/boutique\\\/\"},{\"@type\":\"ListItem\",\"position\":3,\"name\":\"Teaching Cursive\"}]},{\"@type\":\"WebSite\",\"@id\":\"https:\\\/\\\/lewiscreative.ca\\\/fr\\\/#website\",\"url\":\"https:\\\/\\\/lewiscreative.ca\\\/fr\\\/\",\"name\":\"Lewis Creative\",\"description\":\"UI Design - UX Tips - Fonts - Freebies\",\"publisher\":{\"@id\":\"https:\\\/\\\/lewiscreative.ca\\\/fr\\\/#organization\"},\"potentialAction\":[{\"@type\":\"SearchAction\",\"target\":{\"@type\":\"EntryPoint\",\"urlTemplate\":\"https:\\\/\\\/lewiscreative.ca\\\/fr\\\/?s={search_term_string}\"},\"query-input\":{\"@type\":\"PropertyValueSpecification\",\"valueRequired\":true,\"valueName\":\"search_term_string\"}}],\"inLanguage\":\"fr-FR\"},{\"@type\":\"Organization\",\"@id\":\"https:\\\/\\\/lewiscreative.ca\\\/fr\\\/#organization\",\"name\":\"Lewis Creative\",\"url\":\"https:\\\/\\\/lewiscreative.ca\\\/fr\\\/\",\"logo\":{\"@type\":\"ImageObject\",\"inLanguage\":\"fr-FR\",\"@id\":\"https:\\\/\\\/lewiscreative.ca\\\/fr\\\/#\\\/schema\\\/logo\\\/image\\\/\",\"url\":\"https:\\\/\\\/lewiscreative.ca\\\/wp-content\\\/uploads\\\/2022\\\/06\\\/Lewis-Creative-Logo-Teaching-And-Tracing-Font-Resources.png\",\"contentUrl\":\"https:\\\/\\\/lewiscreative.ca\\\/wp-content\\\/uploads\\\/2022\\\/06\\\/Lewis-Creative-Logo-Teaching-And-Tracing-Font-Resources.png\",\"width\":335,\"height\":335,\"caption\":\"Lewis Creative\"},\"image\":{\"@id\":\"https:\\\/\\\/lewiscreative.ca\\\/fr\\\/#\\\/schema\\\/logo\\\/image\\\/\"},\"sameAs\":[\"https:\\\/\\\/facebook.com\\\/lewiscreative.ca\",\"https:\\\/\\\/instagram.com\\\/lewiscreative.ca\"]}]}<\/script>\n<!-- \/ Yoast SEO plugin. -->","yoast_head_json":{"title":"Teaching Cursive - Police de tra\u00e7age des lettres - Lewis Creative","robots":{"index":"index","follow":"follow","max-snippet":"max-snippet:-1","max-image-preview":"max-image-preview:large","max-video-preview":"max-video-preview:-1"},"canonical":"https:\/\/lewiscreative.ca\/fr\/produit\/teaching-cursive\/","og_locale":"fr_FR","og_type":"article","og_title":"Teaching Cursive - Police de tra\u00e7age des lettres - Lewis Creative","og_description":"Cette police de tra\u00e7age des lettres est destin\u00e9e aux enseignants et aux apprenants de tous niveaux de comp\u00e9tence qui souhaitent cr\u00e9er leurs propres feuilles d'\u00e9criture cursive personnalis\u00e9es pour capter l'attention de leurs \u00e9l\u00e8ves et les maintenir engag\u00e9s. M\u00eame si vous avez des \u00e9l\u00e8ves plus \u00e2g\u00e9s qui s'int\u00e9ressent \u00e0 la calligraphie ou \u00e0 l'\u00e9criture cursive, cela [&hellip;]","og_url":"https:\/\/lewiscreative.ca\/fr\/produit\/teaching-cursive\/","og_site_name":"Lewis Creative","article_publisher":"https:\/\/facebook.com\/lewiscreative.ca","article_modified_time":"2026-04-08T16:47:56+00:00","og_image":[{"width":1080,"height":1080,"url":"https:\/\/lewiscreative.ca\/wp-content\/uploads\/2021\/11\/Cursive-Tracing-Font-Teaching-Cursive-1.jpg","type":"image\/jpeg"}],"twitter_card":"summary_large_image","twitter_misc":{"Dur\u00e9e de lecture estim\u00e9e":"1 minute"},"schema":{"@context":"https:\/\/schema.org","@graph":[{"@type":"WebPage","@id":"https:\/\/lewiscreative.ca\/fr\/produit\/teaching-cursive\/","url":"https:\/\/lewiscreative.ca\/fr\/produit\/teaching-cursive\/","name":"Teaching Cursive - Police de tra\u00e7age des lettres - Lewis Creative","isPartOf":{"@id":"https:\/\/lewiscreative.ca\/fr\/#website"},"primaryImageOfPage":{"@id":"https:\/\/lewiscreative.ca\/fr\/produit\/teaching-cursive\/#primaryimage"},"image":{"@id":"https:\/\/lewiscreative.ca\/fr\/produit\/teaching-cursive\/#primaryimage"},"thumbnailUrl":"https:\/\/lewiscreative.ca\/wp-content\/uploads\/2021\/11\/Cursive-Tracing-Font-Teaching-Cursive-1.jpg","datePublished":"2023-09-07T02:44:56+00:00","dateModified":"2026-04-08T16:47:56+00:00","breadcrumb":{"@id":"https:\/\/lewiscreative.ca\/fr\/produit\/teaching-cursive\/#breadcrumb"},"inLanguage":"fr-FR","potentialAction":[{"@type":"ReadAction","target":["https:\/\/lewiscreative.ca\/fr\/produit\/teaching-cursive\/"]}]},{"@type":"ImageObject","inLanguage":"fr-FR","@id":"https:\/\/lewiscreative.ca\/fr\/produit\/teaching-cursive\/#primaryimage","url":"https:\/\/lewiscreative.ca\/wp-content\/uploads\/2021\/11\/Cursive-Tracing-Font-Teaching-Cursive-1.jpg","contentUrl":"https:\/\/lewiscreative.ca\/wp-content\/uploads\/2021\/11\/Cursive-Tracing-Font-Teaching-Cursive-1.jpg","width":1080,"height":1080,"caption":"Cursive Letter Tracing Font - Teaching Cursive Dotted Arrows and Dotted Lined"},{"@type":"BreadcrumbList","@id":"https:\/\/lewiscreative.ca\/fr\/produit\/teaching-cursive\/#breadcrumb","itemListElement":[{"@type":"ListItem","position":1,"name":"Home","item":"https:\/\/lewiscreative.ca\/fr\/"},{"@type":"ListItem","position":2,"name":"Boutique","item":"https:\/\/lewiscreative.ca\/boutique\/"},{"@type":"ListItem","position":3,"name":"Teaching Cursive"}]},{"@type":"WebSite","@id":"https:\/\/lewiscreative.ca\/fr\/#website","url":"https:\/\/lewiscreative.ca\/fr\/","name":"Lewis Creative","description":"UI Design - UX Tips - Fonts - Freebies","publisher":{"@id":"https:\/\/lewiscreative.ca\/fr\/#organization"},"potentialAction":[{"@type":"SearchAction","target":{"@type":"EntryPoint","urlTemplate":"https:\/\/lewiscreative.ca\/fr\/?s={search_term_string}"},"query-input":{"@type":"PropertyValueSpecification","valueRequired":true,"valueName":"search_term_string"}}],"inLanguage":"fr-FR"},{"@type":"Organization","@id":"https:\/\/lewiscreative.ca\/fr\/#organization","name":"Lewis Creative","url":"https:\/\/lewiscreative.ca\/fr\/","logo":{"@type":"ImageObject","inLanguage":"fr-FR","@id":"https:\/\/lewiscreative.ca\/fr\/#\/schema\/logo\/image\/","url":"https:\/\/lewiscreative.ca\/wp-content\/uploads\/2022\/06\/Lewis-Creative-Logo-Teaching-And-Tracing-Font-Resources.png","contentUrl":"https:\/\/lewiscreative.ca\/wp-content\/uploads\/2022\/06\/Lewis-Creative-Logo-Teaching-And-Tracing-Font-Resources.png","width":335,"height":335,"caption":"Lewis Creative"},"image":{"@id":"https:\/\/lewiscreative.ca\/fr\/#\/schema\/logo\/image\/"},"sameAs":["https:\/\/facebook.com\/lewiscreative.ca","https:\/\/instagram.com\/lewiscreative.ca"]}]}},"_links":{"self":[{"href":"https:\/\/lewiscreative.ca\/fr\/wp-json\/wp\/v2\/product\/3116","targetHints":{"allow":["GET"]}}],"collection":[{"href":"https:\/\/lewiscreative.ca\/fr\/wp-json\/wp\/v2\/product"}],"about":[{"href":"https:\/\/lewiscreative.ca\/fr\/wp-json\/wp\/v2\/types\/product"}],"replies":[{"embeddable":true,"href":"https:\/\/lewiscreative.ca\/fr\/wp-json\/wp\/v2\/comments?post=3116"}],"wp:featuredmedia":[{"embeddable":true,"href":"https:\/\/lewiscreative.ca\/fr\/wp-json\/wp\/v2\/media\/2327"}],"wp:attachment":[{"href":"https:\/\/lewiscreative.ca\/fr\/wp-json\/wp\/v2\/media?parent=3116"}],"wp:term":[{"taxonomy":"product_brand","embeddable":true,"href":"https:\/\/lewiscreative.ca\/fr\/wp-json\/wp\/v2\/product_brand?post=3116"},{"taxonomy":"product_cat","embeddable":true,"href":"https:\/\/lewiscreative.ca\/fr\/wp-json\/wp\/v2\/product_cat?post=3116"},{"taxonomy":"product_tag","embeddable":true,"href":"https:\/\/lewiscreative.ca\/fr\/wp-json\/wp\/v2\/product_tag?post=3116"}],"curies":[{"name":"wp","href":"https:\/\/api.w.org\/{rel}","templated":true}]}}