{"id":770,"date":"2021-07-04T23:09:48","date_gmt":"2021-07-05T03:09:48","guid":{"rendered":"https:\/\/lewiscreative.ca\/personalized-tracing-sheet-instant-generator\/"},"modified":"2025-07-06T13:53:51","modified_gmt":"2025-07-06T17:53:51","slug":"trace","status":"publish","type":"page","link":"https:\/\/lewiscreative.ca\/fr\/trace\/","title":{"rendered":"Personalized Tracing Sheet &#8211; Instant Generator"},"content":{"rendered":"<p>[et_pb_section fb_built=\u00a0\u00bb1&Prime; _builder_version=\u00a0\u00bb4.9.4&Prime; _module_preset=\u00a0\u00bbdefault\u00a0\u00bb global_colors_info=\u00a0\u00bb{}\u00a0\u00bb][et_pb_row _builder_version=\u00a0\u00bb4.9.4&Prime; _module_preset=\u00a0\u00bbdefault\u00a0\u00bb custom_padding=\u00a0\u00bb||||false|false\u00a0\u00bb global_colors_info=\u00a0\u00bb{}\u00a0\u00bb][et_pb_column type=\u00a0\u00bb4_4&Prime; _builder_version=\u00a0\u00bb4.9.4&Prime; _module_preset=\u00a0\u00bbdefault\u00a0\u00bb global_colors_info=\u00a0\u00bb{}\u00a0\u00bb][et_pb_text _builder_version=\u00a0\u00bb4.9.4&Prime; _module_preset=\u00a0\u00bbdefault\u00a0\u00bb header_text_align=\u00a0\u00bbcenter\u00a0\u00bb global_colors_info=\u00a0\u00bb{}\u00a0\u00bb]<\/p>\n<h1><strong>Cr\u00e9ez votre propre feuille de tra\u00e7age (instantan\u00e9ment\u2728)<\/strong><\/h1>\n<p>[\/et_pb_text][\/et_pb_column][\/et_pb_row][et_pb_row column_structure=\u00a0\u00bb2_3,1_3&Prime; use_custom_gutter=\u00a0\u00bbon\u00a0\u00bb gutter_width=\u00a0\u00bb1&Prime; _builder_version=\u00a0\u00bb4.9.4&Prime; _module_preset=\u00a0\u00bbdefault\u00a0\u00bb background_color=\u00a0\u00bb#2A2831&Prime; background_image=\u00a0\u00bbhttps:\/\/lewiscreative.ca\/wp-content\/uploads\/2021\/05\/Lewis-Creative-Background.jpg\u00a0\u00bb custom_padding=\u00a0\u00bb0px||0px|||\u00a0\u00bb border_radii=\u00a0\u00bbon|10px|10px|10px|10px\u00a0\u00bb border_width_all=\u00a0\u00bb4px\u00a0\u00bb global_colors_info=\u00a0\u00bb{}\u00a0\u00bb][et_pb_column type=\u00a0\u00bb2_3&Prime; _builder_version=\u00a0\u00bb4.9.4&Prime; _module_preset=\u00a0\u00bbdefault\u00a0\u00bb global_colors_info=\u00a0\u00bb{}\u00a0\u00bb][et_pb_image src=\u00a0\u00bbhttps:\/\/lewiscreative.ca\/wp-content\/uploads\/2021\/05\/A-is-for-Abigail-Mockup-1.jpg\u00a0\u00bb alt=\u00a0\u00bbRessource gratuite pour l&rsquo;enseignement de l&rsquo;\u00e9criture manuscrite\u00a0\u00bb title_text=\u00a0\u00bbRessource gratuite pour l&rsquo;enseignement de l&rsquo;\u00e9criture manuscrite\u00a0\u00bb _builder_version=\u00a0\u00bb4.9.4&Prime; _module_preset=\u00a0\u00bbdefault\u00a0\u00bb border_radii=\u00a0\u00bboff|10px|||10px\u00a0\u00bb global_colors_info=\u00a0\u00bb{}\u00a0\u00bb][\/et_pb_image][\/et_pb_column][et_pb_column type=\u00a0\u00bb1_3&Prime; _builder_version=\u00a0\u00bb4.9.4&Prime; _module_preset=\u00a0\u00bbdefault\u00a0\u00bb global_colors_info=\u00a0\u00bb{}\u00a0\u00bb][et_pb_text _builder_version=\u00a0\u00bb4.14.5&Prime; _module_preset=\u00a0\u00bbdefault\u00a0\u00bb text_text_color=\u00a0\u00bb#c4c4c4&Prime; header_3_font=\u00a0\u00bb|700|||||||\u00a0\u00bb header_3_text_align=\u00a0\u00bbcenter\u00a0\u00bb header_3_text_color=\u00a0\u00bb#FFFFFF\u00a0\u00bb header_3_line_height=\u00a0\u00bb1.5em\u00a0\u00bb text_orientation=\u00a0\u00bbcenter\u00a0\u00bb custom_padding=\u00a0\u00bb40px|20px|0px|20px|false|false\u00a0\u00bb hover_enabled=\u00a0\u00bb0&Prime; global_colors_info=\u00a0\u00bb{}\u00a0\u00bb sticky_enabled=\u00a0\u00bb0&Prime;]<\/p>\n<h3>Insert a Name Below<\/h3>\n<p>Create a custom printable to keep your kids engaged&#8230; then hit print!<\/p>\n<p>[\/et_pb_text][dsm_contact_form_7 cf7_library=\u00a0\u00bb196&Prime; _builder_version=\u00a0\u00bb4.9.4&Prime; _module_preset=\u00a0\u00bbdefault\u00a0\u00bb labels_font=\u00a0\u00bb|700|||||||\u00a0\u00bb labels_text_color=\u00a0\u00bb#FFFFFF\u00a0\u00bb labels_font_size=\u00a0\u00bb16px\u00a0\u00bb labels_line_height=\u00a0\u00bb2.1em\u00a0\u00bb input_textarea_select_font=\u00a0\u00bb|700|||||||\u00a0\u00bb input_textarea_select_text_color=\u00a0\u00bb#2A2831&Prime; placeholder_font=\u00a0\u00bb|700|||||||\u00a0\u00bb custom_button_one=\u00a0\u00bbon\u00a0\u00bb button_one_text_size=\u00a0\u00bb12px\u00a0\u00bb button_one_text_color=\u00a0\u00bb#FFFFFF\u00a0\u00bb button_one_bg_color=\u00a0\u00bb#751fff\u00a0\u00bb button_one_border_width=\u00a0\u00bb0px\u00a0\u00bb button_one_border_radius=\u00a0\u00bb0px\u00a0\u00bb button_one_letter_spacing=\u00a0\u00bb3px\u00a0\u00bb button_one_font=\u00a0\u00bb|700||on|||||\u00a0\u00bb button_one_custom_margin=\u00a0\u00bb14px||||false|false\u00a0\u00bb button_one_custom_padding=\u00a0\u00bb14px|25px|14px|25px|true|true\u00a0\u00bb custom_margin=\u00a0\u00bb||||true|true\u00a0\u00bb custom_padding=\u00a0\u00bb23px|24px|38px|24px|false|true\u00a0\u00bb global_colors_info=\u00a0\u00bb{}\u00a0\u00bb button_one_bg_color__hover=\u00a0\u00bb#0a0808&Prime; button_one_bg_color__hover_enabled=\u00a0\u00bbon|hover\u00a0\u00bb button_one_border_width__hover_enabled=\u00a0\u00bbon|hover\u00a0\u00bb button_one_border_color__hover=\u00a0\u00bb#FFFFFF\u00a0\u00bb button_one_border_color__hover_enabled=\u00a0\u00bbon|hover\u00a0\u00bb button_one_border_width__hover=\u00a0\u00bb0px\u00a0\u00bb][\/dsm_contact_form_7][\/et_pb_column][\/et_pb_row][et_pb_row _builder_version=\u00a0\u00bb4.9.4&Prime; _module_preset=\u00a0\u00bbdefault\u00a0\u00bb width=\u00a0\u00bb100%\u00a0\u00bb custom_padding=\u00a0\u00bb||||false|false\u00a0\u00bb custom_css_main_element=\u00a0\u00bbtext-align: center;||width: 100% !important\u00a0\u00bb global_colors_info=\u00a0\u00bb{}\u00a0\u00bb][et_pb_column type=\u00a0\u00bb4_4&Prime; _builder_version=\u00a0\u00bb4.9.4&Prime; _module_preset=\u00a0\u00bbdefault\u00a0\u00bb global_colors_info=\u00a0\u00bb{}\u00a0\u00bb][et_pb_sidebar area=\u00a0\u00bbsidebar-7&Prime; module_id=\u00a0\u00bbSwitcherSidebar\u00a0\u00bb _builder_version=\u00a0\u00bb4.9.4&Prime; _module_preset=\u00a0\u00bbdefault\u00a0\u00bb global_colors_info=\u00a0\u00bb{}\u00a0\u00bb][\/et_pb_sidebar][\/et_pb_column][\/et_pb_row][\/et_pb_section][et_pb_section fb_built=\u00a0\u00bb1&Prime; _builder_version=\u00a0\u00bb4.9.4&Prime; _module_preset=\u00a0\u00bbdefault\u00a0\u00bb global_colors_info=\u00a0\u00bb{}\u00a0\u00bb][et_pb_row _builder_version=\u00a0\u00bb4.9.4&Prime; _module_preset=\u00a0\u00bbdefault\u00a0\u00bb global_colors_info=\u00a0\u00bb{}\u00a0\u00bb][et_pb_column type=\u00a0\u00bb4_4&Prime; _builder_version=\u00a0\u00bb4.9.4&Prime; _module_preset=\u00a0\u00bbdefault\u00a0\u00bb global_colors_info=\u00a0\u00bb{}\u00a0\u00bb][et_pb_text _builder_version=\u00a0\u00bb4.9.4&Prime; _module_preset=\u00a0\u00bbdefault\u00a0\u00bb global_colors_info=\u00a0\u00bb{}\u00a0\u00bb]<\/p>\n<h2 style=\"text-align: center;\"><strong>Produits connexes<\/strong><\/h2>\n<p>[\/et_pb_text][et_pb_shop type=\u00a0\u00bbbest_selling\u00a0\u00bb posts_number=\u00a0\u00bb4&Prime; columns_number=\u00a0\u00bb4&Prime; _builder_version=\u00a0\u00bb4.9.4&Prime; _module_preset=\u00a0\u00bbdefault\u00a0\u00bb global_colors_info=\u00a0\u00bb{}\u00a0\u00bb][\/et_pb_shop][\/et_pb_column][\/et_pb_row][\/et_pb_section]<\/p>\n<span class=\"et_bloom_bottom_trigger\"><\/span>","protected":false},"excerpt":{"rendered":"<p>Cr\u00e9ez votre propre feuille de tra\u00e7age (instantan\u00e9ment\u2728)Insert a Name Below Create a custom printable to keep your kids engaged&#8230; then hit print!<div class=\"et_pb_module dsm_contact_form_7 dsm_contact_form_7_0\">\n\t\t\t\t\n\t\t\t\t\n\t\t\t\t\n\t\t\t\t\n\t\t\t\t\n\t\t\t\t\n\t\t\t\t<div class=\"et_pb_module_inner\">\n\t\t\t\t\t<div class=\"\">\n\t\t\t\t\n<div class=\"wpcf7 no-js\" id=\"wpcf7-f768-o1\" lang=\"fr-FR\" dir=\"ltr\" data-wpcf7-id=\"768\">\n<div class=\"screen-reader-response\"><p role=\"status\" aria-live=\"polite\" aria-atomic=\"true\"><\/p> <ul><\/ul><\/div>\n<form action=\"\/fr\/wp-json\/wp\/v2\/pages\/770#wpcf7-f768-o1\" method=\"post\" class=\"wpcf7-form init\" aria-label=\"Formulaire de contact\" novalidate=\"novalidate\" data-status=\"init\">\n<fieldset class=\"hidden-fields-container\"><input type=\"hidden\" name=\"_wpcf7\" value=\"768\" \/><input type=\"hidden\" name=\"_wpcf7_version\" value=\"6.1.5\" \/><input type=\"hidden\" name=\"_wpcf7_locale\" value=\"fr_FR\" \/><input type=\"hidden\" name=\"_wpcf7_unit_tag\" value=\"wpcf7-f768-o1\" \/><input type=\"hidden\" name=\"_wpcf7_container_post\" value=\"0\" \/><input type=\"hidden\" name=\"_wpcf7_posted_data_hash\" value=\"\" \/>\n<\/fieldset>\n<p><label> Je m'appelle...<br \/>\n<span class=\"wpcf7-form-control-wrap\" data-name=\"your-subject\"><input size=\"40\" maxlength=\"400\" class=\"wpcf7-form-control wpcf7-text wpcf7-validates-as-required\" aria-required=\"true\" aria-invalid=\"false\" placeholder=\"Eg. Abigail, Byron, Callia...\" value=\"\" type=\"text\" name=\"your-subject\" \/><\/span> <\/label>\n<\/p>\n<p><button class=\"wpcf7-form-control wpcf7-submit has-spinner et_pb_button et_pb_bg_layout_light\" type=\"submit\" value=\"Construire mon imprimable\">Construire mon imprimable<\/button>\n<\/p><div class=\"wpcf7-response-output\" aria-hidden=\"true\"><\/div>\n<\/form>\n<\/div>\n\n\t\t\t<\/div>\n\t\t\t\t<\/div>\n\t\t\t<\/div>Produits connexes<\/p>\n","protected":false},"author":1,"featured_media":679,"parent":0,"menu_order":0,"comment_status":"closed","ping_status":"closed","template":"","meta":{"_et_pb_use_builder":"on","_et_pb_old_content":"","_et_gb_content_width":"","footnotes":""},"class_list":["post-770","page","type-page","status-publish","has-post-thumbnail","hentry"],"yoast_head":"<!-- This site is optimized with the Yoast SEO plugin v27.3 - https:\/\/yoast.com\/product\/yoast-seo-wordpress\/ -->\n<title>Personalized Tracing Sheet - Instant Generator - Lewis Creative<\/title>\n<meta name=\"description\" content=\"Create an engaging activity for your students, customized with their name! You can also add a photo of the student or let them draw one!\" \/>\n<meta name=\"robots\" content=\"index, follow, max-snippet:-1, max-image-preview:large, max-video-preview:-1\" \/>\n<link rel=\"canonical\" href=\"https:\/\/lewiscreative.ca\/fr\/trace\/\" \/>\n<meta property=\"og:locale\" content=\"fr_FR\" \/>\n<meta property=\"og:type\" content=\"article\" \/>\n<meta property=\"og:title\" content=\"Personalized Tracing Sheet - Instant Generator - Lewis Creative\" \/>\n<meta property=\"og:description\" content=\"Create an engaging activity for your students, customized with their name! You can also add a photo of the student or let them draw one!\" \/>\n<meta property=\"og:url\" content=\"https:\/\/lewiscreative.ca\/fr\/trace\/\" \/>\n<meta property=\"og:site_name\" content=\"Lewis Creative\" \/>\n<meta property=\"article:publisher\" content=\"https:\/\/facebook.com\/lewiscreative.ca\" \/>\n<meta property=\"article:modified_time\" content=\"2025-07-06T17:53:51+00:00\" \/>\n<meta property=\"og:image\" content=\"https:\/\/lewiscreative.ca\/wp-content\/uploads\/2021\/05\/Teaching-Handwriting-Free-Personalized-Generator.jpg\" \/>\n\t<meta property=\"og:image:width\" content=\"1800\" \/>\n\t<meta property=\"og:image:height\" content=\"1200\" \/>\n\t<meta property=\"og:image:type\" content=\"image\/jpeg\" \/>\n<meta name=\"twitter:card\" content=\"summary_large_image\" \/>\n<meta name=\"twitter:label1\" content=\"Dur\u00e9e de lecture estim\u00e9e\" \/>\n\t<meta name=\"twitter:data1\" content=\"1 minute\" \/>\n<script type=\"application\/ld+json\" class=\"yoast-schema-graph\">{\"@context\":\"https:\\\/\\\/schema.org\",\"@graph\":[{\"@type\":\"WebPage\",\"@id\":\"https:\\\/\\\/lewiscreative.ca\\\/fr\\\/trace\\\/\",\"url\":\"https:\\\/\\\/lewiscreative.ca\\\/fr\\\/trace\\\/\",\"name\":\"Personalized Tracing Sheet - Instant Generator - Lewis Creative\",\"isPartOf\":{\"@id\":\"https:\\\/\\\/lewiscreative.ca\\\/fr\\\/#website\"},\"primaryImageOfPage\":{\"@id\":\"https:\\\/\\\/lewiscreative.ca\\\/fr\\\/trace\\\/#primaryimage\"},\"image\":{\"@id\":\"https:\\\/\\\/lewiscreative.ca\\\/fr\\\/trace\\\/#primaryimage\"},\"thumbnailUrl\":\"https:\\\/\\\/lewiscreative.ca\\\/wp-content\\\/uploads\\\/2021\\\/05\\\/Teaching-Handwriting-Free-Personalized-Generator.jpg\",\"datePublished\":\"2021-07-05T03:09:48+00:00\",\"dateModified\":\"2025-07-06T17:53:51+00:00\",\"description\":\"Create an engaging activity for your students, customized with their name! You can also add a photo of the student or let them draw one!\",\"breadcrumb\":{\"@id\":\"https:\\\/\\\/lewiscreative.ca\\\/fr\\\/trace\\\/#breadcrumb\"},\"inLanguage\":\"fr-FR\",\"potentialAction\":[{\"@type\":\"ReadAction\",\"target\":[\"https:\\\/\\\/lewiscreative.ca\\\/fr\\\/trace\\\/\"]}]},{\"@type\":\"ImageObject\",\"inLanguage\":\"fr-FR\",\"@id\":\"https:\\\/\\\/lewiscreative.ca\\\/fr\\\/trace\\\/#primaryimage\",\"url\":\"https:\\\/\\\/lewiscreative.ca\\\/wp-content\\\/uploads\\\/2021\\\/05\\\/Teaching-Handwriting-Free-Personalized-Generator.jpg\",\"contentUrl\":\"https:\\\/\\\/lewiscreative.ca\\\/wp-content\\\/uploads\\\/2021\\\/05\\\/Teaching-Handwriting-Free-Personalized-Generator.jpg\",\"width\":1800,\"height\":1200,\"caption\":\"Ressource gratuite pour l'enseignement de l'\u00e9criture manuscrite - Outil g\u00e9n\u00e9rateur personnalis\u00e9\"},{\"@type\":\"BreadcrumbList\",\"@id\":\"https:\\\/\\\/lewiscreative.ca\\\/fr\\\/trace\\\/#breadcrumb\",\"itemListElement\":[{\"@type\":\"ListItem\",\"position\":1,\"name\":\"Home\",\"item\":\"https:\\\/\\\/lewiscreative.ca\\\/fr\\\/\"},{\"@type\":\"ListItem\",\"position\":2,\"name\":\"Personalized Tracing Sheet &#8211; Instant Generator\"}]},{\"@type\":\"WebSite\",\"@id\":\"https:\\\/\\\/lewiscreative.ca\\\/fr\\\/#website\",\"url\":\"https:\\\/\\\/lewiscreative.ca\\\/fr\\\/\",\"name\":\"Lewis Creative\",\"description\":\"UI Design - UX Tips - Fonts - Freebies\",\"publisher\":{\"@id\":\"https:\\\/\\\/lewiscreative.ca\\\/fr\\\/#organization\"},\"potentialAction\":[{\"@type\":\"SearchAction\",\"target\":{\"@type\":\"EntryPoint\",\"urlTemplate\":\"https:\\\/\\\/lewiscreative.ca\\\/fr\\\/?s={search_term_string}\"},\"query-input\":{\"@type\":\"PropertyValueSpecification\",\"valueRequired\":true,\"valueName\":\"search_term_string\"}}],\"inLanguage\":\"fr-FR\"},{\"@type\":\"Organization\",\"@id\":\"https:\\\/\\\/lewiscreative.ca\\\/fr\\\/#organization\",\"name\":\"Lewis Creative\",\"url\":\"https:\\\/\\\/lewiscreative.ca\\\/fr\\\/\",\"logo\":{\"@type\":\"ImageObject\",\"inLanguage\":\"fr-FR\",\"@id\":\"https:\\\/\\\/lewiscreative.ca\\\/fr\\\/#\\\/schema\\\/logo\\\/image\\\/\",\"url\":\"https:\\\/\\\/lewiscreative.ca\\\/wp-content\\\/uploads\\\/2022\\\/06\\\/Lewis-Creative-Logo-Teaching-And-Tracing-Font-Resources.png\",\"contentUrl\":\"https:\\\/\\\/lewiscreative.ca\\\/wp-content\\\/uploads\\\/2022\\\/06\\\/Lewis-Creative-Logo-Teaching-And-Tracing-Font-Resources.png\",\"width\":335,\"height\":335,\"caption\":\"Lewis Creative\"},\"image\":{\"@id\":\"https:\\\/\\\/lewiscreative.ca\\\/fr\\\/#\\\/schema\\\/logo\\\/image\\\/\"},\"sameAs\":[\"https:\\\/\\\/facebook.com\\\/lewiscreative.ca\",\"https:\\\/\\\/instagram.com\\\/lewiscreative.ca\"]}]}<\/script>\n<!-- \/ Yoast SEO plugin. -->","yoast_head_json":{"title":"Personalized Tracing Sheet - Instant Generator - Lewis Creative","description":"Create an engaging activity for your students, customized with their name! You can also add a photo of the student or let them draw one!","robots":{"index":"index","follow":"follow","max-snippet":"max-snippet:-1","max-image-preview":"max-image-preview:large","max-video-preview":"max-video-preview:-1"},"canonical":"https:\/\/lewiscreative.ca\/fr\/trace\/","og_locale":"fr_FR","og_type":"article","og_title":"Personalized Tracing Sheet - Instant Generator - Lewis Creative","og_description":"Create an engaging activity for your students, customized with their name! You can also add a photo of the student or let them draw one!","og_url":"https:\/\/lewiscreative.ca\/fr\/trace\/","og_site_name":"Lewis Creative","article_publisher":"https:\/\/facebook.com\/lewiscreative.ca","article_modified_time":"2025-07-06T17:53:51+00:00","og_image":[{"width":1800,"height":1200,"url":"https:\/\/lewiscreative.ca\/wp-content\/uploads\/2021\/05\/Teaching-Handwriting-Free-Personalized-Generator.jpg","type":"image\/jpeg"}],"twitter_card":"summary_large_image","twitter_misc":{"Dur\u00e9e de lecture estim\u00e9e":"1 minute"},"schema":{"@context":"https:\/\/schema.org","@graph":[{"@type":"WebPage","@id":"https:\/\/lewiscreative.ca\/fr\/trace\/","url":"https:\/\/lewiscreative.ca\/fr\/trace\/","name":"Personalized Tracing Sheet - Instant Generator - Lewis Creative","isPartOf":{"@id":"https:\/\/lewiscreative.ca\/fr\/#website"},"primaryImageOfPage":{"@id":"https:\/\/lewiscreative.ca\/fr\/trace\/#primaryimage"},"image":{"@id":"https:\/\/lewiscreative.ca\/fr\/trace\/#primaryimage"},"thumbnailUrl":"https:\/\/lewiscreative.ca\/wp-content\/uploads\/2021\/05\/Teaching-Handwriting-Free-Personalized-Generator.jpg","datePublished":"2021-07-05T03:09:48+00:00","dateModified":"2025-07-06T17:53:51+00:00","description":"Create an engaging activity for your students, customized with their name! You can also add a photo of the student or let them draw one!","breadcrumb":{"@id":"https:\/\/lewiscreative.ca\/fr\/trace\/#breadcrumb"},"inLanguage":"fr-FR","potentialAction":[{"@type":"ReadAction","target":["https:\/\/lewiscreative.ca\/fr\/trace\/"]}]},{"@type":"ImageObject","inLanguage":"fr-FR","@id":"https:\/\/lewiscreative.ca\/fr\/trace\/#primaryimage","url":"https:\/\/lewiscreative.ca\/wp-content\/uploads\/2021\/05\/Teaching-Handwriting-Free-Personalized-Generator.jpg","contentUrl":"https:\/\/lewiscreative.ca\/wp-content\/uploads\/2021\/05\/Teaching-Handwriting-Free-Personalized-Generator.jpg","width":1800,"height":1200,"caption":"Ressource gratuite pour l'enseignement de l'\u00e9criture manuscrite - Outil g\u00e9n\u00e9rateur personnalis\u00e9"},{"@type":"BreadcrumbList","@id":"https:\/\/lewiscreative.ca\/fr\/trace\/#breadcrumb","itemListElement":[{"@type":"ListItem","position":1,"name":"Home","item":"https:\/\/lewiscreative.ca\/fr\/"},{"@type":"ListItem","position":2,"name":"Personalized Tracing Sheet &#8211; Instant Generator"}]},{"@type":"WebSite","@id":"https:\/\/lewiscreative.ca\/fr\/#website","url":"https:\/\/lewiscreative.ca\/fr\/","name":"Lewis Creative","description":"UI Design - UX Tips - Fonts - Freebies","publisher":{"@id":"https:\/\/lewiscreative.ca\/fr\/#organization"},"potentialAction":[{"@type":"SearchAction","target":{"@type":"EntryPoint","urlTemplate":"https:\/\/lewiscreative.ca\/fr\/?s={search_term_string}"},"query-input":{"@type":"PropertyValueSpecification","valueRequired":true,"valueName":"search_term_string"}}],"inLanguage":"fr-FR"},{"@type":"Organization","@id":"https:\/\/lewiscreative.ca\/fr\/#organization","name":"Lewis Creative","url":"https:\/\/lewiscreative.ca\/fr\/","logo":{"@type":"ImageObject","inLanguage":"fr-FR","@id":"https:\/\/lewiscreative.ca\/fr\/#\/schema\/logo\/image\/","url":"https:\/\/lewiscreative.ca\/wp-content\/uploads\/2022\/06\/Lewis-Creative-Logo-Teaching-And-Tracing-Font-Resources.png","contentUrl":"https:\/\/lewiscreative.ca\/wp-content\/uploads\/2022\/06\/Lewis-Creative-Logo-Teaching-And-Tracing-Font-Resources.png","width":335,"height":335,"caption":"Lewis Creative"},"image":{"@id":"https:\/\/lewiscreative.ca\/fr\/#\/schema\/logo\/image\/"},"sameAs":["https:\/\/facebook.com\/lewiscreative.ca","https:\/\/instagram.com\/lewiscreative.ca"]}]}},"_links":{"self":[{"href":"https:\/\/lewiscreative.ca\/fr\/wp-json\/wp\/v2\/pages\/770","targetHints":{"allow":["GET"]}}],"collection":[{"href":"https:\/\/lewiscreative.ca\/fr\/wp-json\/wp\/v2\/pages"}],"about":[{"href":"https:\/\/lewiscreative.ca\/fr\/wp-json\/wp\/v2\/types\/page"}],"author":[{"embeddable":true,"href":"https:\/\/lewiscreative.ca\/fr\/wp-json\/wp\/v2\/users\/1"}],"replies":[{"embeddable":true,"href":"https:\/\/lewiscreative.ca\/fr\/wp-json\/wp\/v2\/comments?post=770"}],"version-history":[{"count":40,"href":"https:\/\/lewiscreative.ca\/fr\/wp-json\/wp\/v2\/pages\/770\/revisions"}],"predecessor-version":[{"id":3365,"href":"https:\/\/lewiscreative.ca\/fr\/wp-json\/wp\/v2\/pages\/770\/revisions\/3365"}],"wp:featuredmedia":[{"embeddable":true,"href":"https:\/\/lewiscreative.ca\/fr\/wp-json\/wp\/v2\/media\/679"}],"wp:attachment":[{"href":"https:\/\/lewiscreative.ca\/fr\/wp-json\/wp\/v2\/media?parent=770"}],"curies":[{"name":"wp","href":"https:\/\/api.w.org\/{rel}","templated":true}]}}