{"id":3117,"date":"2021-11-28T11:36:18","date_gmt":"2023-09-07T02:50:40","guid":{"rendered":"https:\/\/lewiscreative.ca\/product\/teaching-cursive\/"},"modified":"2026-04-05T20:10:30","modified_gmt":"2026-04-06T00:10:30","slug":"teaching-cursive","status":"publish","type":"product","link":"https:\/\/lewiscreative.ca\/es\/producto\/teaching-cursive\/","title":{"rendered":"Teaching Cursive"},"content":{"rendered":"<div class=\"et_pb_module et_pb_wc_description et_pb_wc_description_0 et_pb_bg_layout_light et_pb_text_align_left\">\n<div class=\"et_pb_module_inner\">\n<p>Esta fuente de trazado de letras es para profesores y estudiantes de cualquier nivel de habilidad que deseen crear sus propias hojas de escritura cursiva personalizadas para captar la atenci\u00f3n de sus estudiantes y mantenerlos comprometidos.<\/p>\n<p>Incluso si tiene estudiantes mayores que tienen curiosidad por la caligraf\u00eda o la escritura cursiva, esta podr\u00eda ser una excelente opci\u00f3n para comenzar. Crear algunas hojas de pr\u00e1ctica o permitirles crear las suyas propias podr\u00eda ser justo lo que necesitan para sentirse inspirados.<\/p>\n<p>\u00a1Ahora puede crear hojas de ejercicios de trazado de alta calidad por s\u00ed mismo, desde etiquetas de regreso a la escuela hasta actividades de fin de a\u00f1o! \u00a1Solo descargue, instale y comience a escribir!<\/p>\n<p><strong>La fuente incluye 8 estilos de escritura cursiva ense\u00f1ante:<\/strong><\/p>\n<ul>\n<li>L\u00edneas\n<ul>\n<li>Regular<\/li>\n<li>Punteado<\/li>\n<li>Flechas<\/li>\n<li>Flechas punteadas<\/li>\n<\/ul>\n<\/li>\n<li>Sin l\u00edneas\n<ul>\n<li>Regular<\/li>\n<li>Punteado<\/li>\n<li>Flechas<\/li>\n<li>Flechas punteadas<\/li>\n<\/ul>\n<\/li>\n<\/ul>\n<\/div>\n<\/div>\n<span class=\"et_bloom_bottom_trigger\"><\/span>","protected":false},"excerpt":{"rendered":"<p>Esta fuente de trazado de letras es para profesores y estudiantes de cualquier nivel de habilidad que deseen crear sus propias hojas de escritura cursiva personalizadas para captar la atenci\u00f3n de sus estudiantes y mantenerlos comprometidos. Incluso si tiene estudiantes mayores que tienen curiosidad por la caligraf\u00eda o la escritura cursiva, esta podr\u00eda ser una [&hellip;]<\/p>\n","protected":false},"featured_media":2328,"comment_status":"open","ping_status":"closed","template":"","meta":{"_et_pb_use_builder":"on","_et_pb_old_content":"<div class=\"et_pb_module et_pb_wc_description et_pb_wc_description_0 et_pb_bg_layout_light et_pb_text_align_left\">\n<div class=\"et_pb_module_inner\">\n\nEsta fuente de trazado de letras es para profesores y estudiantes de cualquier nivel de habilidad que deseen crear sus propias hojas de escritura cursiva personalizadas para captar la atenci\u00f3n de sus estudiantes y mantenerlos comprometidos.\n\nIncluso si tiene estudiantes mayores que tienen curiosidad por la caligraf\u00eda o la escritura cursiva, esta podr\u00eda ser una excelente opci\u00f3n para comenzar. Crear algunas hojas de pr\u00e1ctica o permitirles crear las suyas propias podr\u00eda ser justo lo que necesitan para sentirse inspirados.\n\n\u00a1Ahora puede crear hojas de ejercicios de trazado de alta calidad por s\u00ed mismo, desde etiquetas de regreso a la escuela hasta actividades de fin de a\u00f1o! \u00a1Solo descargue, instale y comience a escribir!\n\n<strong>La fuente incluye 8 estilos de escritura cursiva ense\u00f1ante:<\/strong>\n<ul>\n \t<li>L\u00edneas\n<ul>\n \t<li>Regular<\/li>\n \t<li>Punteado<\/li>\n \t<li>Flechas<\/li>\n \t<li>Flechas punteadas<\/li>\n<\/ul>\n<\/li>\n \t<li>Sin l\u00edneas\n<ul>\n \t<li>Regular<\/li>\n \t<li>Punteado<\/li>\n \t<li>Flechas<\/li>\n \t<li>Flechas punteadas<\/li>\n<\/ul>\n<\/li>\n<\/ul>\n<\/div>\n<\/div>","_et_gb_content_width":""},"product_brand":[],"product_cat":[70,76],"product_tag":[],"class_list":{"0":"post-3117","1":"product","2":"type-product","3":"status-publish","4":"has-post-thumbnail","6":"product_cat-fuentes","7":"product_cat-teaching-cursive-es","9":"first","10":"instock","11":"downloadable","12":"virtual","13":"sold-individually","14":"taxable","15":"purchasable","16":"product-type-simple"},"yoast_head":"<!-- This site is optimized with the Yoast SEO plugin v27.3 - https:\/\/yoast.com\/product\/yoast-seo-wordpress\/ -->\n<title>Teaching Cursive - Fuente de trazado de letras - Lewis Creative<\/title>\n<meta name=\"robots\" content=\"index, follow, max-snippet:-1, max-image-preview:large, max-video-preview:-1\" \/>\n<link rel=\"canonical\" href=\"https:\/\/lewiscreative.ca\/es\/producto\/teaching-cursive\/\" \/>\n<meta property=\"og:locale\" content=\"es_ES\" \/>\n<meta property=\"og:type\" content=\"article\" \/>\n<meta property=\"og:title\" content=\"Teaching Cursive - Fuente de trazado de letras - Lewis Creative\" \/>\n<meta property=\"og:description\" content=\"Esta fuente de trazado de letras es para profesores y estudiantes de cualquier nivel de habilidad que deseen crear sus propias hojas de escritura cursiva personalizadas para captar la atenci\u00f3n de sus estudiantes y mantenerlos comprometidos. Incluso si tiene estudiantes mayores que tienen curiosidad por la caligraf\u00eda o la escritura cursiva, esta podr\u00eda ser una [&hellip;]\" \/>\n<meta property=\"og:url\" content=\"https:\/\/lewiscreative.ca\/es\/producto\/teaching-cursive\/\" \/>\n<meta property=\"og:site_name\" content=\"Lewis Creative\" \/>\n<meta property=\"article:publisher\" content=\"https:\/\/facebook.com\/lewiscreative.ca\" \/>\n<meta property=\"article:modified_time\" content=\"2026-04-06T00:10:30+00:00\" \/>\n<meta property=\"og:image\" content=\"https:\/\/lewiscreative.ca\/wp-content\/uploads\/2021\/11\/Cursive-Tracing-Font-Teaching-Cursive-1.jpg\" \/>\n\t<meta property=\"og:image:width\" content=\"1080\" \/>\n\t<meta property=\"og:image:height\" content=\"1080\" \/>\n\t<meta property=\"og:image:type\" content=\"image\/jpeg\" \/>\n<meta name=\"twitter:card\" content=\"summary_large_image\" \/>\n<meta name=\"twitter:label1\" content=\"Tiempo de lectura\" \/>\n\t<meta name=\"twitter:data1\" content=\"1 minuto\" \/>\n<script type=\"application\/ld+json\" class=\"yoast-schema-graph\">{\"@context\":\"https:\\\/\\\/schema.org\",\"@graph\":[{\"@type\":\"WebPage\",\"@id\":\"https:\\\/\\\/lewiscreative.ca\\\/es\\\/producto\\\/teaching-cursive\\\/\",\"url\":\"https:\\\/\\\/lewiscreative.ca\\\/es\\\/producto\\\/teaching-cursive\\\/\",\"name\":\"Teaching Cursive - Fuente de trazado de letras - Lewis Creative\",\"isPartOf\":{\"@id\":\"https:\\\/\\\/lewiscreative.ca\\\/es\\\/#website\"},\"primaryImageOfPage\":{\"@id\":\"https:\\\/\\\/lewiscreative.ca\\\/es\\\/producto\\\/teaching-cursive\\\/#primaryimage\"},\"image\":{\"@id\":\"https:\\\/\\\/lewiscreative.ca\\\/es\\\/producto\\\/teaching-cursive\\\/#primaryimage\"},\"thumbnailUrl\":\"https:\\\/\\\/lewiscreative.ca\\\/wp-content\\\/uploads\\\/2021\\\/11\\\/Cursive-Tracing-Font-Teaching-Cursive-1.jpg\",\"datePublished\":\"2023-09-07T02:50:40+00:00\",\"dateModified\":\"2026-04-06T00:10:30+00:00\",\"breadcrumb\":{\"@id\":\"https:\\\/\\\/lewiscreative.ca\\\/es\\\/producto\\\/teaching-cursive\\\/#breadcrumb\"},\"inLanguage\":\"es\",\"potentialAction\":[{\"@type\":\"ReadAction\",\"target\":[\"https:\\\/\\\/lewiscreative.ca\\\/es\\\/producto\\\/teaching-cursive\\\/\"]}]},{\"@type\":\"ImageObject\",\"inLanguage\":\"es\",\"@id\":\"https:\\\/\\\/lewiscreative.ca\\\/es\\\/producto\\\/teaching-cursive\\\/#primaryimage\",\"url\":\"https:\\\/\\\/lewiscreative.ca\\\/wp-content\\\/uploads\\\/2021\\\/11\\\/Cursive-Tracing-Font-Teaching-Cursive-1.jpg\",\"contentUrl\":\"https:\\\/\\\/lewiscreative.ca\\\/wp-content\\\/uploads\\\/2021\\\/11\\\/Cursive-Tracing-Font-Teaching-Cursive-1.jpg\",\"width\":1080,\"height\":1080,\"caption\":\"Cursive Letter Tracing Font - Teaching Cursive Dotted Arrows and Dotted Lined\"},{\"@type\":\"BreadcrumbList\",\"@id\":\"https:\\\/\\\/lewiscreative.ca\\\/es\\\/producto\\\/teaching-cursive\\\/#breadcrumb\",\"itemListElement\":[{\"@type\":\"ListItem\",\"position\":1,\"name\":\"Home\",\"item\":\"https:\\\/\\\/lewiscreative.ca\\\/es\\\/\"},{\"@type\":\"ListItem\",\"position\":2,\"name\":\"Comercio\",\"item\":\"https:\\\/\\\/lewiscreative.ca\\\/comercio\\\/\"},{\"@type\":\"ListItem\",\"position\":3,\"name\":\"Teaching Cursive\"}]},{\"@type\":\"WebSite\",\"@id\":\"https:\\\/\\\/lewiscreative.ca\\\/es\\\/#website\",\"url\":\"https:\\\/\\\/lewiscreative.ca\\\/es\\\/\",\"name\":\"Lewis Creative\",\"description\":\"UI Design - UX Tips - Fonts - Freebies\",\"publisher\":{\"@id\":\"https:\\\/\\\/lewiscreative.ca\\\/es\\\/#organization\"},\"potentialAction\":[{\"@type\":\"SearchAction\",\"target\":{\"@type\":\"EntryPoint\",\"urlTemplate\":\"https:\\\/\\\/lewiscreative.ca\\\/es\\\/?s={search_term_string}\"},\"query-input\":{\"@type\":\"PropertyValueSpecification\",\"valueRequired\":true,\"valueName\":\"search_term_string\"}}],\"inLanguage\":\"es\"},{\"@type\":\"Organization\",\"@id\":\"https:\\\/\\\/lewiscreative.ca\\\/es\\\/#organization\",\"name\":\"Lewis Creative\",\"url\":\"https:\\\/\\\/lewiscreative.ca\\\/es\\\/\",\"logo\":{\"@type\":\"ImageObject\",\"inLanguage\":\"es\",\"@id\":\"https:\\\/\\\/lewiscreative.ca\\\/es\\\/#\\\/schema\\\/logo\\\/image\\\/\",\"url\":\"https:\\\/\\\/lewiscreative.ca\\\/wp-content\\\/uploads\\\/2022\\\/06\\\/Lewis-Creative-Logo-Teaching-And-Tracing-Font-Resources.png\",\"contentUrl\":\"https:\\\/\\\/lewiscreative.ca\\\/wp-content\\\/uploads\\\/2022\\\/06\\\/Lewis-Creative-Logo-Teaching-And-Tracing-Font-Resources.png\",\"width\":335,\"height\":335,\"caption\":\"Lewis Creative\"},\"image\":{\"@id\":\"https:\\\/\\\/lewiscreative.ca\\\/es\\\/#\\\/schema\\\/logo\\\/image\\\/\"},\"sameAs\":[\"https:\\\/\\\/facebook.com\\\/lewiscreative.ca\",\"https:\\\/\\\/instagram.com\\\/lewiscreative.ca\"]}]}<\/script>\n<!-- \/ Yoast SEO plugin. -->","yoast_head_json":{"title":"Teaching Cursive - Fuente de trazado de letras - Lewis Creative","robots":{"index":"index","follow":"follow","max-snippet":"max-snippet:-1","max-image-preview":"max-image-preview:large","max-video-preview":"max-video-preview:-1"},"canonical":"https:\/\/lewiscreative.ca\/es\/producto\/teaching-cursive\/","og_locale":"es_ES","og_type":"article","og_title":"Teaching Cursive - Fuente de trazado de letras - Lewis Creative","og_description":"Esta fuente de trazado de letras es para profesores y estudiantes de cualquier nivel de habilidad que deseen crear sus propias hojas de escritura cursiva personalizadas para captar la atenci\u00f3n de sus estudiantes y mantenerlos comprometidos. Incluso si tiene estudiantes mayores que tienen curiosidad por la caligraf\u00eda o la escritura cursiva, esta podr\u00eda ser una [&hellip;]","og_url":"https:\/\/lewiscreative.ca\/es\/producto\/teaching-cursive\/","og_site_name":"Lewis Creative","article_publisher":"https:\/\/facebook.com\/lewiscreative.ca","article_modified_time":"2026-04-06T00:10:30+00:00","og_image":[{"width":1080,"height":1080,"url":"https:\/\/lewiscreative.ca\/wp-content\/uploads\/2021\/11\/Cursive-Tracing-Font-Teaching-Cursive-1.jpg","type":"image\/jpeg"}],"twitter_card":"summary_large_image","twitter_misc":{"Tiempo de lectura":"1 minuto"},"schema":{"@context":"https:\/\/schema.org","@graph":[{"@type":"WebPage","@id":"https:\/\/lewiscreative.ca\/es\/producto\/teaching-cursive\/","url":"https:\/\/lewiscreative.ca\/es\/producto\/teaching-cursive\/","name":"Teaching Cursive - Fuente de trazado de letras - Lewis Creative","isPartOf":{"@id":"https:\/\/lewiscreative.ca\/es\/#website"},"primaryImageOfPage":{"@id":"https:\/\/lewiscreative.ca\/es\/producto\/teaching-cursive\/#primaryimage"},"image":{"@id":"https:\/\/lewiscreative.ca\/es\/producto\/teaching-cursive\/#primaryimage"},"thumbnailUrl":"https:\/\/lewiscreative.ca\/wp-content\/uploads\/2021\/11\/Cursive-Tracing-Font-Teaching-Cursive-1.jpg","datePublished":"2023-09-07T02:50:40+00:00","dateModified":"2026-04-06T00:10:30+00:00","breadcrumb":{"@id":"https:\/\/lewiscreative.ca\/es\/producto\/teaching-cursive\/#breadcrumb"},"inLanguage":"es","potentialAction":[{"@type":"ReadAction","target":["https:\/\/lewiscreative.ca\/es\/producto\/teaching-cursive\/"]}]},{"@type":"ImageObject","inLanguage":"es","@id":"https:\/\/lewiscreative.ca\/es\/producto\/teaching-cursive\/#primaryimage","url":"https:\/\/lewiscreative.ca\/wp-content\/uploads\/2021\/11\/Cursive-Tracing-Font-Teaching-Cursive-1.jpg","contentUrl":"https:\/\/lewiscreative.ca\/wp-content\/uploads\/2021\/11\/Cursive-Tracing-Font-Teaching-Cursive-1.jpg","width":1080,"height":1080,"caption":"Cursive Letter Tracing Font - Teaching Cursive Dotted Arrows and Dotted Lined"},{"@type":"BreadcrumbList","@id":"https:\/\/lewiscreative.ca\/es\/producto\/teaching-cursive\/#breadcrumb","itemListElement":[{"@type":"ListItem","position":1,"name":"Home","item":"https:\/\/lewiscreative.ca\/es\/"},{"@type":"ListItem","position":2,"name":"Comercio","item":"https:\/\/lewiscreative.ca\/comercio\/"},{"@type":"ListItem","position":3,"name":"Teaching Cursive"}]},{"@type":"WebSite","@id":"https:\/\/lewiscreative.ca\/es\/#website","url":"https:\/\/lewiscreative.ca\/es\/","name":"Lewis Creative","description":"UI Design - UX Tips - Fonts - Freebies","publisher":{"@id":"https:\/\/lewiscreative.ca\/es\/#organization"},"potentialAction":[{"@type":"SearchAction","target":{"@type":"EntryPoint","urlTemplate":"https:\/\/lewiscreative.ca\/es\/?s={search_term_string}"},"query-input":{"@type":"PropertyValueSpecification","valueRequired":true,"valueName":"search_term_string"}}],"inLanguage":"es"},{"@type":"Organization","@id":"https:\/\/lewiscreative.ca\/es\/#organization","name":"Lewis Creative","url":"https:\/\/lewiscreative.ca\/es\/","logo":{"@type":"ImageObject","inLanguage":"es","@id":"https:\/\/lewiscreative.ca\/es\/#\/schema\/logo\/image\/","url":"https:\/\/lewiscreative.ca\/wp-content\/uploads\/2022\/06\/Lewis-Creative-Logo-Teaching-And-Tracing-Font-Resources.png","contentUrl":"https:\/\/lewiscreative.ca\/wp-content\/uploads\/2022\/06\/Lewis-Creative-Logo-Teaching-And-Tracing-Font-Resources.png","width":335,"height":335,"caption":"Lewis Creative"},"image":{"@id":"https:\/\/lewiscreative.ca\/es\/#\/schema\/logo\/image\/"},"sameAs":["https:\/\/facebook.com\/lewiscreative.ca","https:\/\/instagram.com\/lewiscreative.ca"]}]}},"_links":{"self":[{"href":"https:\/\/lewiscreative.ca\/es\/wp-json\/wp\/v2\/product\/3117","targetHints":{"allow":["GET"]}}],"collection":[{"href":"https:\/\/lewiscreative.ca\/es\/wp-json\/wp\/v2\/product"}],"about":[{"href":"https:\/\/lewiscreative.ca\/es\/wp-json\/wp\/v2\/types\/product"}],"replies":[{"embeddable":true,"href":"https:\/\/lewiscreative.ca\/es\/wp-json\/wp\/v2\/comments?post=3117"}],"wp:featuredmedia":[{"embeddable":true,"href":"https:\/\/lewiscreative.ca\/es\/wp-json\/wp\/v2\/media\/2328"}],"wp:attachment":[{"href":"https:\/\/lewiscreative.ca\/es\/wp-json\/wp\/v2\/media?parent=3117"}],"wp:term":[{"taxonomy":"product_brand","embeddable":true,"href":"https:\/\/lewiscreative.ca\/es\/wp-json\/wp\/v2\/product_brand?post=3117"},{"taxonomy":"product_cat","embeddable":true,"href":"https:\/\/lewiscreative.ca\/es\/wp-json\/wp\/v2\/product_cat?post=3117"},{"taxonomy":"product_tag","embeddable":true,"href":"https:\/\/lewiscreative.ca\/es\/wp-json\/wp\/v2\/product_tag?post=3117"}],"curies":[{"name":"wp","href":"https:\/\/api.w.org\/{rel}","templated":true}]}}