{"id":3049,"date":"2021-05-10T22:23:57","date_gmt":"2023-09-06T01:39:19","guid":{"rendered":"https:\/\/lewiscreative.ca\/product\/teaching-print\/"},"modified":"2026-04-02T20:42:48","modified_gmt":"2026-04-03T00:42:48","slug":"teaching-print-fuente-de-trazado-de-letras-punteadas","status":"publish","type":"product","link":"https:\/\/lewiscreative.ca\/es\/producto\/teaching-print-fuente-de-trazado-de-letras-punteadas\/","title":{"rendered":"Teaching Print &#8211; Fuente de rastreo de letras con instrucciones"},"content":{"rendered":"<p>Esta fuente de trazado est\u00e1 destinada a profesores en todas partes que deseen crear sus propias hojas de escritura personalizada para captar la atenci\u00f3n de sus alumnos y mantenerlos comprometidos.<\/p>\n<p>Al incluir el nombre de su hijo, es m\u00e1s probable que se involucren en aprender a escribir, leer y reconocer letras. Esto r\u00e1pidamente despertar\u00e1 su inter\u00e9s por la escritura al permitir que sus peque\u00f1os estudiantes vean su propio nombre (o cosas que les interesen) en la p\u00e1gina.<\/p>\n<p>La fuente incluye 12 estilos:<\/p>\n<ul>\n<li>L\u00edneas\n<ul>\n<li>Regular<\/li>\n<li>Punteado<\/li>\n<li>Rayado<\/li>\n<li>Flechas<\/li>\n<li>Flechas punteadas<\/li>\n<li>Flechas rayadas<\/li>\n<\/ul>\n<\/li>\n<li>Sin l\u00edneas\n<ul>\n<li>Regular<\/li>\n<li>Punteado<\/li>\n<li>Rayado<\/li>\n<li>Flechas<\/li>\n<li>Flechas punteadas<\/li>\n<li>Flechas rayadas<\/li>\n<\/ul>\n<\/li>\n<\/ul>\n<span class=\"et_bloom_bottom_trigger\"><\/span>","protected":false},"excerpt":{"rendered":"<p>Esta fuente de trazado est\u00e1 destinada a profesores en todas partes que deseen crear sus propias hojas de escritura personalizada para captar la atenci\u00f3n de sus alumnos y mantenerlos comprometidos. Al incluir el nombre de su hijo, es m\u00e1s probable que se involucren en aprender a escribir, leer y reconocer letras. Esto r\u00e1pidamente despertar\u00e1 su [&hellip;]<\/p>\n","protected":false},"featured_media":1498,"comment_status":"open","ping_status":"closed","template":"","meta":{"_et_pb_use_builder":"off","_et_pb_old_content":"","_et_gb_content_width":""},"product_brand":[],"product_cat":[70,71],"product_tag":[],"class_list":{"0":"post-3049","1":"product","2":"type-product","3":"status-publish","4":"has-post-thumbnail","6":"product_cat-fuentes","7":"product_cat-teaching-print-es","9":"first","10":"instock","11":"downloadable","12":"virtual","13":"sold-individually","14":"taxable","15":"purchasable","16":"product-type-simple"},"yoast_head":"<!-- This site is optimized with the Yoast SEO plugin v27.3 - https:\/\/yoast.com\/product\/yoast-seo-wordpress\/ -->\n<title>Teaching Print - Fuente de rastreo de letras con instrucciones - Fuente de rastreo de letras con instrucciones - Lewis Creative<\/title>\n<meta name=\"robots\" content=\"index, follow, max-snippet:-1, max-image-preview:large, max-video-preview:-1\" \/>\n<link rel=\"canonical\" href=\"https:\/\/lewiscreative.ca\/es\/producto\/teaching-print-fuente-de-trazado-de-letras-punteadas\/\" \/>\n<meta property=\"og:locale\" content=\"es_ES\" \/>\n<meta property=\"og:type\" content=\"article\" \/>\n<meta property=\"og:title\" content=\"Teaching Print - Fuente de rastreo de letras con instrucciones - Fuente de rastreo de letras con instrucciones - Lewis Creative\" \/>\n<meta property=\"og:description\" content=\"Esta fuente de trazado est\u00e1 destinada a profesores en todas partes que deseen crear sus propias hojas de escritura personalizada para captar la atenci\u00f3n de sus alumnos y mantenerlos comprometidos. Al incluir el nombre de su hijo, es m\u00e1s probable que se involucren en aprender a escribir, leer y reconocer letras. Esto r\u00e1pidamente despertar\u00e1 su [&hellip;]\" \/>\n<meta property=\"og:url\" content=\"https:\/\/lewiscreative.ca\/es\/producto\/teaching-print-fuente-de-trazado-de-letras-punteadas\/\" \/>\n<meta property=\"og:site_name\" content=\"Lewis Creative\" \/>\n<meta property=\"article:publisher\" content=\"https:\/\/facebook.com\/lewiscreative.ca\" \/>\n<meta property=\"article:modified_time\" content=\"2026-04-03T00:42:48+00:00\" \/>\n<meta property=\"og:image\" content=\"https:\/\/lewiscreative.ca\/wp-content\/uploads\/2021\/05\/Letter-Tracing-Font-Teaching-Print-1.jpg\" \/>\n\t<meta property=\"og:image:width\" content=\"1080\" \/>\n\t<meta property=\"og:image:height\" content=\"1080\" \/>\n\t<meta property=\"og:image:type\" content=\"image\/jpeg\" \/>\n<meta name=\"twitter:card\" content=\"summary_large_image\" \/>\n<meta name=\"twitter:label1\" content=\"Tiempo de lectura\" \/>\n\t<meta name=\"twitter:data1\" content=\"1 minuto\" \/>\n<script type=\"application\/ld+json\" class=\"yoast-schema-graph\">{\"@context\":\"https:\\\/\\\/schema.org\",\"@graph\":[{\"@type\":\"WebPage\",\"@id\":\"https:\\\/\\\/lewiscreative.ca\\\/es\\\/producto\\\/teaching-print-fuente-de-trazado-de-letras-punteadas\\\/\",\"url\":\"https:\\\/\\\/lewiscreative.ca\\\/es\\\/producto\\\/teaching-print-fuente-de-trazado-de-letras-punteadas\\\/\",\"name\":\"Teaching Print - Fuente de rastreo de letras con instrucciones - Fuente de rastreo de letras con instrucciones - Lewis Creative\",\"isPartOf\":{\"@id\":\"https:\\\/\\\/lewiscreative.ca\\\/es\\\/#website\"},\"primaryImageOfPage\":{\"@id\":\"https:\\\/\\\/lewiscreative.ca\\\/es\\\/producto\\\/teaching-print-fuente-de-trazado-de-letras-punteadas\\\/#primaryimage\"},\"image\":{\"@id\":\"https:\\\/\\\/lewiscreative.ca\\\/es\\\/producto\\\/teaching-print-fuente-de-trazado-de-letras-punteadas\\\/#primaryimage\"},\"thumbnailUrl\":\"https:\\\/\\\/lewiscreative.ca\\\/wp-content\\\/uploads\\\/2021\\\/05\\\/Letter-Tracing-Font-Teaching-Print-1.jpg\",\"datePublished\":\"2023-09-06T01:39:19+00:00\",\"dateModified\":\"2026-04-03T00:42:48+00:00\",\"breadcrumb\":{\"@id\":\"https:\\\/\\\/lewiscreative.ca\\\/es\\\/producto\\\/teaching-print-fuente-de-trazado-de-letras-punteadas\\\/#breadcrumb\"},\"inLanguage\":\"es\",\"potentialAction\":[{\"@type\":\"ReadAction\",\"target\":[\"https:\\\/\\\/lewiscreative.ca\\\/es\\\/producto\\\/teaching-print-fuente-de-trazado-de-letras-punteadas\\\/\"]}]},{\"@type\":\"ImageObject\",\"inLanguage\":\"es\",\"@id\":\"https:\\\/\\\/lewiscreative.ca\\\/es\\\/producto\\\/teaching-print-fuente-de-trazado-de-letras-punteadas\\\/#primaryimage\",\"url\":\"https:\\\/\\\/lewiscreative.ca\\\/wp-content\\\/uploads\\\/2021\\\/05\\\/Letter-Tracing-Font-Teaching-Print-1.jpg\",\"contentUrl\":\"https:\\\/\\\/lewiscreative.ca\\\/wp-content\\\/uploads\\\/2021\\\/05\\\/Letter-Tracing-Font-Teaching-Print-1.jpg\",\"width\":1080,\"height\":1080,\"caption\":\"Teaching Print Font - Dotted Letters and Numbers Tracing Font for Teaching and Learning Handwriting\"},{\"@type\":\"BreadcrumbList\",\"@id\":\"https:\\\/\\\/lewiscreative.ca\\\/es\\\/producto\\\/teaching-print-fuente-de-trazado-de-letras-punteadas\\\/#breadcrumb\",\"itemListElement\":[{\"@type\":\"ListItem\",\"position\":1,\"name\":\"Home\",\"item\":\"https:\\\/\\\/lewiscreative.ca\\\/es\\\/\"},{\"@type\":\"ListItem\",\"position\":2,\"name\":\"Comercio\",\"item\":\"https:\\\/\\\/lewiscreative.ca\\\/comercio\\\/\"},{\"@type\":\"ListItem\",\"position\":3,\"name\":\"Teaching Print &#8211; Fuente de rastreo de letras con instrucciones\"}]},{\"@type\":\"WebSite\",\"@id\":\"https:\\\/\\\/lewiscreative.ca\\\/es\\\/#website\",\"url\":\"https:\\\/\\\/lewiscreative.ca\\\/es\\\/\",\"name\":\"Lewis Creative\",\"description\":\"UI Design - UX Tips - Fonts - Freebies\",\"publisher\":{\"@id\":\"https:\\\/\\\/lewiscreative.ca\\\/es\\\/#organization\"},\"potentialAction\":[{\"@type\":\"SearchAction\",\"target\":{\"@type\":\"EntryPoint\",\"urlTemplate\":\"https:\\\/\\\/lewiscreative.ca\\\/es\\\/?s={search_term_string}\"},\"query-input\":{\"@type\":\"PropertyValueSpecification\",\"valueRequired\":true,\"valueName\":\"search_term_string\"}}],\"inLanguage\":\"es\"},{\"@type\":\"Organization\",\"@id\":\"https:\\\/\\\/lewiscreative.ca\\\/es\\\/#organization\",\"name\":\"Lewis Creative\",\"url\":\"https:\\\/\\\/lewiscreative.ca\\\/es\\\/\",\"logo\":{\"@type\":\"ImageObject\",\"inLanguage\":\"es\",\"@id\":\"https:\\\/\\\/lewiscreative.ca\\\/es\\\/#\\\/schema\\\/logo\\\/image\\\/\",\"url\":\"https:\\\/\\\/lewiscreative.ca\\\/wp-content\\\/uploads\\\/2022\\\/06\\\/Lewis-Creative-Logo-Teaching-And-Tracing-Font-Resources.png\",\"contentUrl\":\"https:\\\/\\\/lewiscreative.ca\\\/wp-content\\\/uploads\\\/2022\\\/06\\\/Lewis-Creative-Logo-Teaching-And-Tracing-Font-Resources.png\",\"width\":335,\"height\":335,\"caption\":\"Lewis Creative\"},\"image\":{\"@id\":\"https:\\\/\\\/lewiscreative.ca\\\/es\\\/#\\\/schema\\\/logo\\\/image\\\/\"},\"sameAs\":[\"https:\\\/\\\/facebook.com\\\/lewiscreative.ca\",\"https:\\\/\\\/instagram.com\\\/lewiscreative.ca\"]}]}<\/script>\n<!-- \/ Yoast SEO plugin. -->","yoast_head_json":{"title":"Teaching Print - Fuente de rastreo de letras con instrucciones - Fuente de rastreo de letras con instrucciones - Lewis Creative","robots":{"index":"index","follow":"follow","max-snippet":"max-snippet:-1","max-image-preview":"max-image-preview:large","max-video-preview":"max-video-preview:-1"},"canonical":"https:\/\/lewiscreative.ca\/es\/producto\/teaching-print-fuente-de-trazado-de-letras-punteadas\/","og_locale":"es_ES","og_type":"article","og_title":"Teaching Print - Fuente de rastreo de letras con instrucciones - Fuente de rastreo de letras con instrucciones - Lewis Creative","og_description":"Esta fuente de trazado est\u00e1 destinada a profesores en todas partes que deseen crear sus propias hojas de escritura personalizada para captar la atenci\u00f3n de sus alumnos y mantenerlos comprometidos. Al incluir el nombre de su hijo, es m\u00e1s probable que se involucren en aprender a escribir, leer y reconocer letras. Esto r\u00e1pidamente despertar\u00e1 su [&hellip;]","og_url":"https:\/\/lewiscreative.ca\/es\/producto\/teaching-print-fuente-de-trazado-de-letras-punteadas\/","og_site_name":"Lewis Creative","article_publisher":"https:\/\/facebook.com\/lewiscreative.ca","article_modified_time":"2026-04-03T00:42:48+00:00","og_image":[{"width":1080,"height":1080,"url":"https:\/\/lewiscreative.ca\/wp-content\/uploads\/2021\/05\/Letter-Tracing-Font-Teaching-Print-1.jpg","type":"image\/jpeg"}],"twitter_card":"summary_large_image","twitter_misc":{"Tiempo de lectura":"1 minuto"},"schema":{"@context":"https:\/\/schema.org","@graph":[{"@type":"WebPage","@id":"https:\/\/lewiscreative.ca\/es\/producto\/teaching-print-fuente-de-trazado-de-letras-punteadas\/","url":"https:\/\/lewiscreative.ca\/es\/producto\/teaching-print-fuente-de-trazado-de-letras-punteadas\/","name":"Teaching Print - Fuente de rastreo de letras con instrucciones - Fuente de rastreo de letras con instrucciones - Lewis Creative","isPartOf":{"@id":"https:\/\/lewiscreative.ca\/es\/#website"},"primaryImageOfPage":{"@id":"https:\/\/lewiscreative.ca\/es\/producto\/teaching-print-fuente-de-trazado-de-letras-punteadas\/#primaryimage"},"image":{"@id":"https:\/\/lewiscreative.ca\/es\/producto\/teaching-print-fuente-de-trazado-de-letras-punteadas\/#primaryimage"},"thumbnailUrl":"https:\/\/lewiscreative.ca\/wp-content\/uploads\/2021\/05\/Letter-Tracing-Font-Teaching-Print-1.jpg","datePublished":"2023-09-06T01:39:19+00:00","dateModified":"2026-04-03T00:42:48+00:00","breadcrumb":{"@id":"https:\/\/lewiscreative.ca\/es\/producto\/teaching-print-fuente-de-trazado-de-letras-punteadas\/#breadcrumb"},"inLanguage":"es","potentialAction":[{"@type":"ReadAction","target":["https:\/\/lewiscreative.ca\/es\/producto\/teaching-print-fuente-de-trazado-de-letras-punteadas\/"]}]},{"@type":"ImageObject","inLanguage":"es","@id":"https:\/\/lewiscreative.ca\/es\/producto\/teaching-print-fuente-de-trazado-de-letras-punteadas\/#primaryimage","url":"https:\/\/lewiscreative.ca\/wp-content\/uploads\/2021\/05\/Letter-Tracing-Font-Teaching-Print-1.jpg","contentUrl":"https:\/\/lewiscreative.ca\/wp-content\/uploads\/2021\/05\/Letter-Tracing-Font-Teaching-Print-1.jpg","width":1080,"height":1080,"caption":"Teaching Print Font - Dotted Letters and Numbers Tracing Font for Teaching and Learning Handwriting"},{"@type":"BreadcrumbList","@id":"https:\/\/lewiscreative.ca\/es\/producto\/teaching-print-fuente-de-trazado-de-letras-punteadas\/#breadcrumb","itemListElement":[{"@type":"ListItem","position":1,"name":"Home","item":"https:\/\/lewiscreative.ca\/es\/"},{"@type":"ListItem","position":2,"name":"Comercio","item":"https:\/\/lewiscreative.ca\/comercio\/"},{"@type":"ListItem","position":3,"name":"Teaching Print &#8211; Fuente de rastreo de letras con instrucciones"}]},{"@type":"WebSite","@id":"https:\/\/lewiscreative.ca\/es\/#website","url":"https:\/\/lewiscreative.ca\/es\/","name":"Lewis Creative","description":"UI Design - UX Tips - Fonts - Freebies","publisher":{"@id":"https:\/\/lewiscreative.ca\/es\/#organization"},"potentialAction":[{"@type":"SearchAction","target":{"@type":"EntryPoint","urlTemplate":"https:\/\/lewiscreative.ca\/es\/?s={search_term_string}"},"query-input":{"@type":"PropertyValueSpecification","valueRequired":true,"valueName":"search_term_string"}}],"inLanguage":"es"},{"@type":"Organization","@id":"https:\/\/lewiscreative.ca\/es\/#organization","name":"Lewis Creative","url":"https:\/\/lewiscreative.ca\/es\/","logo":{"@type":"ImageObject","inLanguage":"es","@id":"https:\/\/lewiscreative.ca\/es\/#\/schema\/logo\/image\/","url":"https:\/\/lewiscreative.ca\/wp-content\/uploads\/2022\/06\/Lewis-Creative-Logo-Teaching-And-Tracing-Font-Resources.png","contentUrl":"https:\/\/lewiscreative.ca\/wp-content\/uploads\/2022\/06\/Lewis-Creative-Logo-Teaching-And-Tracing-Font-Resources.png","width":335,"height":335,"caption":"Lewis Creative"},"image":{"@id":"https:\/\/lewiscreative.ca\/es\/#\/schema\/logo\/image\/"},"sameAs":["https:\/\/facebook.com\/lewiscreative.ca","https:\/\/instagram.com\/lewiscreative.ca"]}]}},"_links":{"self":[{"href":"https:\/\/lewiscreative.ca\/es\/wp-json\/wp\/v2\/product\/3049","targetHints":{"allow":["GET"]}}],"collection":[{"href":"https:\/\/lewiscreative.ca\/es\/wp-json\/wp\/v2\/product"}],"about":[{"href":"https:\/\/lewiscreative.ca\/es\/wp-json\/wp\/v2\/types\/product"}],"replies":[{"embeddable":true,"href":"https:\/\/lewiscreative.ca\/es\/wp-json\/wp\/v2\/comments?post=3049"}],"wp:featuredmedia":[{"embeddable":true,"href":"https:\/\/lewiscreative.ca\/es\/wp-json\/wp\/v2\/media\/1498"}],"wp:attachment":[{"href":"https:\/\/lewiscreative.ca\/es\/wp-json\/wp\/v2\/media?parent=3049"}],"wp:term":[{"taxonomy":"product_brand","embeddable":true,"href":"https:\/\/lewiscreative.ca\/es\/wp-json\/wp\/v2\/product_brand?post=3049"},{"taxonomy":"product_cat","embeddable":true,"href":"https:\/\/lewiscreative.ca\/es\/wp-json\/wp\/v2\/product_cat?post=3049"},{"taxonomy":"product_tag","embeddable":true,"href":"https:\/\/lewiscreative.ca\/es\/wp-json\/wp\/v2\/product_tag?post=3049"}],"curies":[{"name":"wp","href":"https:\/\/api.w.org\/{rel}","templated":true}]}}